{"id":2938,"date":"2021-05-26T06:48:08","date_gmt":"2021-05-26T06:48:08","guid":{"rendered":"https:\/\/ethics.crto.on.ca\/?page_id=2938"},"modified":"2021-05-31T04:40:02","modified_gmt":"2021-05-31T04:40:02","slug":"scenarios-de-cas-mise-en-pratique-des-principes","status":"publish","type":"page","link":"https:\/\/ethics.crto.on.ca\/fr\/scenarios-de-cas-mise-en-pratique-des-principes\/","title":{"rendered":"Sc\u00e9narios de cas &#8211; mise en pratique des principes"},"content":{"rendered":"<p>[et_pb_section fb_built=\u00a0\u00bb1&Prime; inner_shadow=\u00a0\u00bbon\u00a0\u00bb _builder_version=\u00a0\u00bb4.8.2&Prime; background_image=\u00a0\u00bbhttps:\/\/ethics.crto.on.ca\/wp-content\/uploads\/sites\/19\/2021\/05\/crto-bluepattern-crop-2.jpg\u00a0\u00bb custom_padding=\u00a0\u00bb50px||50px|\u00a0\u00bb][et_pb_row column_structure=\u00a0\u00bb3_5,2_5&Prime; _builder_version=\u00a0\u00bb4.6.6&Prime; background_size=\u00a0\u00bbinitial\u00a0\u00bb background_position=\u00a0\u00bbtop_left\u00a0\u00bb background_repeat=\u00a0\u00bbrepeat\u00a0\u00bb custom_padding=\u00a0\u00bb60px||60px||true|\u00a0\u00bb][et_pb_column type=\u00a0\u00bb3_5&Prime; _builder_version=\u00a0\u00bb3.25&Prime; custom_padding=\u00a0\u00bb|||\u00a0\u00bb custom_padding__hover=\u00a0\u00bb|||\u00a0\u00bb][et_pb_text admin_label=\u00a0\u00bbSTANDARD TITLE\u00a0\u00bb _builder_version=\u00a0\u00bb4.8.2&Prime; text_font_size=\u00a0\u00bb18px\u00a0\u00bb text_line_height=\u00a0\u00bb1.6em\u00a0\u00bb header_font=\u00a0\u00bb|||on|||||\u00a0\u00bb module_alignment=\u00a0\u00bbleft\u00a0\u00bb custom_padding=\u00a0\u00bb||||false|false\u00a0\u00bb]<\/p>\n<h1><strong>Sc\u00e9narios de cas &#8211; mise en pratique des principes<\/strong><\/h1>\n<p>[\/et_pb_text][\/et_pb_column][et_pb_column type=\u00a0\u00bb2_5&Prime; _builder_version=\u00a0\u00bb3.25&Prime; custom_padding=\u00a0\u00bb|||\u00a0\u00bb custom_padding__hover=\u00a0\u00bb|||\u00a0\u00bb][\/et_pb_column][\/et_pb_row][\/et_pb_section][et_pb_section fb_built=\u00a0\u00bb1&Prime; _builder_version=\u00a0\u00bb4.8.2&Prime; _module_preset=\u00a0\u00bbdefault\u00a0\u00bb background_image=\u00a0\u00bbhttps:\/\/ethics.crto.on.ca\/wp-content\/uploads\/sites\/19\/2021\/05\/crto-patternblue-tall.jpg\u00a0\u00bb background_position=\u00a0\u00bbbottom_left\u00a0\u00bb custom_padding=\u00a0\u00bb95px||95px||true|\u00a0\u00bb border_width_top=\u00a0\u00bb3px\u00a0\u00bb border_color_top=\u00a0\u00bb#019BD7&Prime; border_width_bottom=\u00a0\u00bb3px\u00a0\u00bb border_color_bottom=\u00a0\u00bb#019BD7&Prime;][et_pb_row column_structure=\u00a0\u00bb1_3,2_3&Prime; module_id=\u00a0\u00bbpenaltiesAbuse\u00a0\u00bb _builder_version=\u00a0\u00bb4.6.6&Prime; _module_preset=\u00a0\u00bbdefault\u00a0\u00bb][et_pb_column type=\u00a0\u00bb1_3&Prime; _builder_version=\u00a0\u00bb4.6.6&Prime; _module_preset=\u00a0\u00bbdefault\u00a0\u00bb][\/et_pb_column][et_pb_column type=\u00a0\u00bb2_3&Prime; _builder_version=\u00a0\u00bb4.6.6&Prime; _module_preset=\u00a0\u00bbdefault\u00a0\u00bb][et_pb_text admin_label=\u00a0\u00bbPerformance Expectations\u00a0\u00bb _builder_version=\u00a0\u00bb4.8.2&Prime; custom_padding=\u00a0\u00bb0px|||\u00a0\u00bb]<\/p>\n<p>Les exemples de cas suivants servent \u00e0 illustrer la mise en pratique des principes dans<br \/>\nla prise de d\u00e9cision et le comportement. Chaque cas est expliqu\u00e9 avec mention des<br \/>\nprincipes, mais aussi par une br\u00e8ve discussion sur les valeurs sous-jacentes.<\/p>\n<p>[\/et_pb_text][et_pb_text admin_label=\u00a0\u00bbPerformance Expectations\u00a0\u00bb _builder_version=\u00a0\u00bb4.8.2&Prime; custom_padding=\u00a0\u00bb0px|||\u00a0\u00bb hover_enabled=\u00a0\u00bb0&Prime; sticky_enabled=\u00a0\u00bb0&Prime;]<strong>Nous incitons les th\u00e9rapeutes respiratoires \u00e0 utiliser l\u2019algorithme <span style=\"text-decoration: underline;\"><a href=\"\/fr\/steps-to-ethical-decision-making\/\">\u00c9tapes pour prendre une d\u00e9cision moralm<\/a><\/span> pour \u00e9tudier ces exemples. Cet algorithme peut \u00e9galement aider lorsqu\u2019il faut d\u00e9cider de la proc\u00e9dure \u00e0 suivre en pr\u00e9sence de probl\u00e8me moral dans l\u2019exercice de la th\u00e9rapie respiratoire. Il peut \u00eatre utilis\u00e9 en combinaison avec les proc\u00e9d\u00e9s d\u00e9j\u00e0 en place de leur organisation en mati\u00e8re de prise de d\u00e9cision morale (\u00e9thicien, comit\u00e9 sur les questions morales d\u2019ordre m\u00e9dical, etc.).<br \/>\n<\/strong>[\/et_pb_text][\/et_pb_column][\/et_pb_row][\/et_pb_section][et_pb_section fb_built=\u00a0\u00bb1&Prime; inner_shadow=\u00a0\u00bbon\u00a0\u00bb module_id=\u00a0\u00bbfootnote\u00a0\u00bb _builder_version=\u00a0\u00bb3.22&Prime; use_background_color_gradient=\u00a0\u00bbon\u00a0\u00bb background_color_gradient_start=\u00a0\u00bb#ffffff\u00a0\u00bb background_color_gradient_end=\u00a0\u00bb#ededed\u00a0\u00bb background_color_gradient_type=\u00a0\u00bbradial\u00a0\u00bb background_color_gradient_start_position=\u00a0\u00bb53%\u00a0\u00bb custom_padding=\u00a0\u00bb20px||20px|\u00a0\u00bb][et_pb_row column_structure=\u00a0\u00bb1_2,1_4,1_4&Prime; _builder_version=\u00a0\u00bb3.25&Prime;][et_pb_column type=\u00a0\u00bb1_2&Prime; _builder_version=\u00a0\u00bb3.25&Prime; custom_padding=\u00a0\u00bb|||\u00a0\u00bb custom_padding__hover=\u00a0\u00bb|||\u00a0\u00bb][\/et_pb_column][et_pb_column type=\u00a0\u00bb1_4&Prime; _builder_version=\u00a0\u00bb3.25&Prime; custom_padding=\u00a0\u00bb|||\u00a0\u00bb custom_padding__hover=\u00a0\u00bb|||\u00a0\u00bb][et_pb_button button_url=\u00a0\u00bbhttps:\/\/ethics.crto.on.ca\/fr\/principes-directeurs-dun-exercice-professionnel-moral\/\u00a0\u00bb button_text=\u00a0\u00bbPr\u00e9c\u00e9dent\u00a0\u00bb button_alignment=\u00a0\u00bbright\u00a0\u00bb admin_label=\u00a0\u00bbPrevious\u00a0\u00bb _builder_version=\u00a0\u00bb4.8.2&Prime; animation_style=\u00a0\u00bbfade\u00a0\u00bb hover_enabled=\u00a0\u00bb0&Prime; button_text_size__hover_enabled=\u00a0\u00bboff\u00a0\u00bb button_one_text_size__hover_enabled=\u00a0\u00bboff\u00a0\u00bb button_two_text_size__hover_enabled=\u00a0\u00bboff\u00a0\u00bb button_text_color__hover_enabled=\u00a0\u00bboff\u00a0\u00bb button_one_text_color__hover_enabled=\u00a0\u00bboff\u00a0\u00bb button_two_text_color__hover_enabled=\u00a0\u00bboff\u00a0\u00bb button_border_width__hover_enabled=\u00a0\u00bboff\u00a0\u00bb button_one_border_width__hover_enabled=\u00a0\u00bboff\u00a0\u00bb button_two_border_width__hover_enabled=\u00a0\u00bboff\u00a0\u00bb button_border_color__hover_enabled=\u00a0\u00bboff\u00a0\u00bb button_one_border_color__hover_enabled=\u00a0\u00bboff\u00a0\u00bb button_two_border_color__hover_enabled=\u00a0\u00bboff\u00a0\u00bb button_border_radius__hover_enabled=\u00a0\u00bboff\u00a0\u00bb button_one_border_radius__hover_enabled=\u00a0\u00bboff\u00a0\u00bb button_two_border_radius__hover_enabled=\u00a0\u00bboff\u00a0\u00bb button_letter_spacing__hover_enabled=\u00a0\u00bboff\u00a0\u00bb button_one_letter_spacing__hover_enabled=\u00a0\u00bboff\u00a0\u00bb button_two_letter_spacing__hover_enabled=\u00a0\u00bboff\u00a0\u00bb button_bg_color__hover_enabled=\u00a0\u00bboff\u00a0\u00bb button_one_bg_color__hover_enabled=\u00a0\u00bboff\u00a0\u00bb button_two_bg_color__hover_enabled=\u00a0\u00bboff\u00a0\u00bb sticky_enabled=\u00a0\u00bb0&Prime;][\/et_pb_button][\/et_pb_column][et_pb_column type=\u00a0\u00bb1_4&Prime; _builder_version=\u00a0\u00bb3.25&Prime; custom_padding=\u00a0\u00bb|||\u00a0\u00bb custom_padding__hover=\u00a0\u00bb|||\u00a0\u00bb][et_pb_button button_url=\u00a0\u00bb\/fr\/abuse-of-patients-clients\/\u00a0\u00bb button_text=\u00a0\u00bbSuivant\u00a0\u00bb button_alignment=\u00a0\u00bbleft\u00a0\u00bb admin_label=\u00a0\u00bbNext\u00a0\u00bb _builder_version=\u00a0\u00bb4.8.2&Prime; animation_style=\u00a0\u00bbfade\u00a0\u00bb hover_enabled=\u00a0\u00bb0&Prime; button_text_size__hover_enabled=\u00a0\u00bboff\u00a0\u00bb button_one_text_size__hover_enabled=\u00a0\u00bboff\u00a0\u00bb button_two_text_size__hover_enabled=\u00a0\u00bboff\u00a0\u00bb button_text_color__hover_enabled=\u00a0\u00bboff\u00a0\u00bb button_one_text_color__hover_enabled=\u00a0\u00bboff\u00a0\u00bb button_two_text_color__hover_enabled=\u00a0\u00bboff\u00a0\u00bb button_border_width__hover_enabled=\u00a0\u00bboff\u00a0\u00bb button_one_border_width__hover_enabled=\u00a0\u00bboff\u00a0\u00bb button_two_border_width__hover_enabled=\u00a0\u00bboff\u00a0\u00bb button_border_color__hover_enabled=\u00a0\u00bboff\u00a0\u00bb button_one_border_color__hover_enabled=\u00a0\u00bboff\u00a0\u00bb button_two_border_color__hover_enabled=\u00a0\u00bboff\u00a0\u00bb button_border_radius__hover_enabled=\u00a0\u00bboff\u00a0\u00bb button_one_border_radius__hover_enabled=\u00a0\u00bboff\u00a0\u00bb button_two_border_radius__hover_enabled=\u00a0\u00bboff\u00a0\u00bb button_letter_spacing__hover_enabled=\u00a0\u00bboff\u00a0\u00bb button_one_letter_spacing__hover_enabled=\u00a0\u00bboff\u00a0\u00bb button_two_letter_spacing__hover_enabled=\u00a0\u00bboff\u00a0\u00bb button_bg_color__hover_enabled=\u00a0\u00bboff\u00a0\u00bb button_one_bg_color__hover_enabled=\u00a0\u00bboff\u00a0\u00bb button_two_bg_color__hover_enabled=\u00a0\u00bboff\u00a0\u00bb sticky_enabled=\u00a0\u00bb0&Prime;][\/et_pb_button][\/et_pb_column][\/et_pb_row][\/et_pb_section]<\/p>\n","protected":false},"excerpt":{"rendered":"<p>Sc\u00e9narios de cas &#8211; mise en pratique des principesLes exemples de cas suivants servent \u00e0 illustrer la mise en pratique des principes dans la prise de d\u00e9cision et le comportement. Chaque cas est expliqu\u00e9 avec mention des principes, mais aussi par une br\u00e8ve discussion sur les valeurs sous-jacentes.Nous incitons les th\u00e9rapeutes respiratoires \u00e0 utiliser l\u2019algorithme [&hellip;]<\/p>\n","protected":false},"author":4,"featured_media":0,"parent":0,"menu_order":0,"comment_status":"closed","ping_status":"closed","template":"","meta":{"_et_pb_use_builder":"on","_et_pb_old_content":"[et_pb_section fb_built=\"1\" inner_shadow=\"on\" _builder_version=\"4.8.2\" background_image=\"https:\/\/ethics.crto.on.ca\/wp-content\/uploads\/sites\/19\/2021\/05\/crto-bluepattern-crop-2.jpg\" custom_padding=\"50px||50px|\"][et_pb_row column_structure=\"3_5,2_5\" _builder_version=\"4.6.6\" background_size=\"initial\" background_position=\"top_left\" background_repeat=\"repeat\" custom_padding=\"60px||60px||true|\"][et_pb_column type=\"3_5\" _builder_version=\"3.25\" custom_padding=\"|||\" custom_padding__hover=\"|||\"][et_pb_text admin_label=\"STANDARD TITLE\" _builder_version=\"4.8.2\" text_font_size=\"18px\" text_line_height=\"1.6em\" header_font=\"|||on|||||\" module_alignment=\"left\" custom_padding=\"||||false|false\" hover_enabled=\"0\" sticky_enabled=\"0\"]<h1><strong>Sc\u00e9narios de cas - mise en pratique des principes<\/strong><\/h1>[\/et_pb_text][\/et_pb_column][et_pb_column type=\"2_5\" _builder_version=\"3.25\" custom_padding=\"|||\" custom_padding__hover=\"|||\"][\/et_pb_column][\/et_pb_row][\/et_pb_section][et_pb_section fb_built=\"1\" _builder_version=\"4.8.2\" _module_preset=\"default\" background_image=\"https:\/\/ethics.crto.on.ca\/wp-content\/uploads\/sites\/19\/2021\/05\/crto-patternblue-tall.jpg\" background_position=\"bottom_left\" custom_padding=\"95px||95px||true|\" border_width_top=\"3px\" border_color_top=\"#019BD7\" border_width_bottom=\"3px\" border_color_bottom=\"#019BD7\"][et_pb_row column_structure=\"1_3,2_3\" module_id=\"penaltiesAbuse\" _builder_version=\"4.6.6\" _module_preset=\"default\"][et_pb_column type=\"1_3\" _builder_version=\"4.6.6\" _module_preset=\"default\"][\/et_pb_column][et_pb_column type=\"2_3\" _builder_version=\"4.6.6\" _module_preset=\"default\"][et_pb_text admin_label=\"Performance Expectations\" _builder_version=\"4.8.2\" custom_padding=\"0px|||\" hover_enabled=\"0\" sticky_enabled=\"0\"]<p>Les exemples de cas suivants servent \u00e0 illustrer la mise en pratique des principes dans\r\nla prise de d\u00e9cision et le comportement. Chaque cas est expliqu\u00e9 avec mention des\r\nprincipes, mais aussi par une br\u00e8ve discussion sur les valeurs sous-jacentes.<\/p>[\/et_pb_text][et_pb_text admin_label=\"Performance Expectations\" _builder_version=\"4.8.2\" custom_padding=\"0px|||\" hover_enabled=\"0\" sticky_enabled=\"0\"]<p><strong>Nous incitons les th\u00e9rapeutes respiratoires \u00e0 utiliser l\u2019algorithme <span style=\"text-decoration: underline;\"><a href=\"\/steps-to-ethical-decision-making\/\">\u00c9tapes pour prendre une d\u00e9cision moralm<\/a><\/span> pour \u00e9tudier ces exemples. Cet algorithme peut \u00e9galement aider lorsqu\u2019il faut d\u00e9cider de la proc\u00e9dure \u00e0 suivre en pr\u00e9sence de probl\u00e8me moral dans l\u2019exercice de la th\u00e9rapie respiratoire. Il peut \u00eatre utilis\u00e9 en combinaison avec les proc\u00e9d\u00e9s d\u00e9j\u00e0 en place de leur organisation en mati\u00e8re de prise de d\u00e9cision morale (\u00e9thicien, comit\u00e9 sur les questions morales d\u2019ordre m\u00e9dical, etc.).<br \/><\/strong><\/p>[\/et_pb_text][\/et_pb_column][\/et_pb_row][\/et_pb_section][et_pb_section fb_built=\"1\" inner_shadow=\"on\" module_id=\"footnote\" _builder_version=\"3.22\" use_background_color_gradient=\"on\" background_color_gradient_start=\"#ffffff\" background_color_gradient_end=\"#ededed\" background_color_gradient_type=\"radial\" background_color_gradient_start_position=\"53%\" custom_padding=\"20px||20px|\"][et_pb_row column_structure=\"1_2,1_4,1_4\" _builder_version=\"3.25\"][et_pb_column type=\"1_2\" _builder_version=\"3.25\" custom_padding=\"|||\" custom_padding__hover=\"|||\"][\/et_pb_column][et_pb_column type=\"1_4\" _builder_version=\"3.25\" custom_padding=\"|||\" custom_padding__hover=\"|||\"][et_pb_button button_url=\"\/guiding-principles\/\" button_text=\"Previous\" button_alignment=\"right\" admin_label=\"Previous\" _builder_version=\"4.8.2\" animation_style=\"fade\" button_text_size__hover_enabled=\"off\" button_one_text_size__hover_enabled=\"off\" button_two_text_size__hover_enabled=\"off\" button_text_color__hover_enabled=\"off\" button_one_text_color__hover_enabled=\"off\" button_two_text_color__hover_enabled=\"off\" button_border_width__hover_enabled=\"off\" button_one_border_width__hover_enabled=\"off\" button_two_border_width__hover_enabled=\"off\" button_border_color__hover_enabled=\"off\" button_one_border_color__hover_enabled=\"off\" button_two_border_color__hover_enabled=\"off\" button_border_radius__hover_enabled=\"off\" button_one_border_radius__hover_enabled=\"off\" button_two_border_radius__hover_enabled=\"off\" button_letter_spacing__hover_enabled=\"off\" button_one_letter_spacing__hover_enabled=\"off\" button_two_letter_spacing__hover_enabled=\"off\" button_bg_color__hover_enabled=\"off\" button_one_bg_color__hover_enabled=\"off\" button_two_bg_color__hover_enabled=\"off\"][\/et_pb_button][\/et_pb_column][et_pb_column type=\"1_4\" _builder_version=\"3.25\" custom_padding=\"|||\" custom_padding__hover=\"|||\"][et_pb_button button_url=\"\/abuse-of-patients-clients\/\" button_text=\"Next\" button_alignment=\"left\" admin_label=\"Next\" _builder_version=\"4.8.2\" animation_style=\"fade\" button_text_size__hover_enabled=\"off\" button_one_text_size__hover_enabled=\"off\" button_two_text_size__hover_enabled=\"off\" button_text_color__hover_enabled=\"off\" button_one_text_color__hover_enabled=\"off\" button_two_text_color__hover_enabled=\"off\" button_border_width__hover_enabled=\"off\" button_one_border_width__hover_enabled=\"off\" button_two_border_width__hover_enabled=\"off\" button_border_color__hover_enabled=\"off\" button_one_border_color__hover_enabled=\"off\" button_two_border_color__hover_enabled=\"off\" button_border_radius__hover_enabled=\"off\" button_one_border_radius__hover_enabled=\"off\" button_two_border_radius__hover_enabled=\"off\" button_letter_spacing__hover_enabled=\"off\" button_one_letter_spacing__hover_enabled=\"off\" button_two_letter_spacing__hover_enabled=\"off\" button_bg_color__hover_enabled=\"off\" button_one_bg_color__hover_enabled=\"off\" button_two_bg_color__hover_enabled=\"off\"][\/et_pb_button][\/et_pb_column][\/et_pb_row][\/et_pb_section]","_et_gb_content_width":"","footnotes":""},"class_list":["post-2938","page","type-page","status-publish","hentry"],"yoast_head":"<!-- This site is optimized with the Yoast SEO plugin v26.9 - https:\/\/yoast.com\/product\/yoast-seo-wordpress\/ -->\n<title>Sc\u00e9narios de cas - mise en pratique des principes - Commitment to Ethical Practice<\/title>\n<meta name=\"robots\" content=\"index, follow, max-snippet:-1, max-image-preview:large, max-video-preview:-1\" \/>\n<link rel=\"canonical\" href=\"https:\/\/ethics.crto.on.ca\/fr\/scenarios-de-cas-mise-en-pratique-des-principes\/\" \/>\n<meta property=\"og:locale\" content=\"fr_FR\" \/>\n<meta property=\"og:type\" content=\"article\" \/>\n<meta property=\"og:title\" content=\"Sc\u00e9narios de cas - mise en pratique des principes - Commitment to Ethical Practice\" \/>\n<meta property=\"og:description\" content=\"Sc\u00e9narios de cas - mise en pratique des principesLes exemples de cas suivants servent \u00e0 illustrer la mise en pratique des principes dans la prise de d\u00e9cision et le comportement. Chaque cas est expliqu\u00e9 avec mention des principes, mais aussi par une br\u00e8ve discussion sur les valeurs sous-jacentes.Nous incitons les th\u00e9rapeutes respiratoires \u00e0 utiliser l\u2019algorithme [&hellip;]\" \/>\n<meta property=\"og:url\" content=\"https:\/\/ethics.crto.on.ca\/fr\/scenarios-de-cas-mise-en-pratique-des-principes\/\" \/>\n<meta property=\"og:site_name\" content=\"Commitment to Ethical Practice\" \/>\n<meta property=\"article:modified_time\" content=\"2021-05-31T04:40:02+00:00\" \/>\n<meta name=\"twitter:card\" content=\"summary_large_image\" \/>\n<meta name=\"twitter:label1\" content=\"Est. reading time\" \/>\n\t<meta name=\"twitter:data1\" content=\"4 minutes\" \/>\n<script type=\"application\/ld+json\" class=\"yoast-schema-graph\">{\"@context\":\"https:\/\/schema.org\",\"@graph\":[{\"@type\":\"WebPage\",\"@id\":\"https:\/\/ethics.crto.on.ca\/fr\/scenarios-de-cas-mise-en-pratique-des-principes\/\",\"url\":\"https:\/\/ethics.crto.on.ca\/fr\/scenarios-de-cas-mise-en-pratique-des-principes\/\",\"name\":\"Sc\u00e9narios de cas - mise en pratique des principes - Commitment to Ethical Practice\",\"isPartOf\":{\"@id\":\"https:\/\/ethics.crto.on.ca\/#website\"},\"datePublished\":\"2021-05-26T06:48:08+00:00\",\"dateModified\":\"2021-05-31T04:40:02+00:00\",\"breadcrumb\":{\"@id\":\"https:\/\/ethics.crto.on.ca\/fr\/scenarios-de-cas-mise-en-pratique-des-principes\/#breadcrumb\"},\"inLanguage\":\"fr-FR\",\"potentialAction\":[{\"@type\":\"ReadAction\",\"target\":[\"https:\/\/ethics.crto.on.ca\/fr\/scenarios-de-cas-mise-en-pratique-des-principes\/\"]}]},{\"@type\":\"BreadcrumbList\",\"@id\":\"https:\/\/ethics.crto.on.ca\/fr\/scenarios-de-cas-mise-en-pratique-des-principes\/#breadcrumb\",\"itemListElement\":[{\"@type\":\"ListItem\",\"position\":1,\"name\":\"Home\",\"item\":\"https:\/\/ethics.crto.on.ca\/fr\/\"},{\"@type\":\"ListItem\",\"position\":2,\"name\":\"Sc\u00e9narios de cas &#8211; mise en pratique des principes\"}]},{\"@type\":\"WebSite\",\"@id\":\"https:\/\/ethics.crto.on.ca\/#website\",\"url\":\"https:\/\/ethics.crto.on.ca\/\",\"name\":\"Commitment to Ethical Practice\",\"description\":\"CRTO MicroSite for A Commitment to Ethical Practice\",\"potentialAction\":[{\"@type\":\"SearchAction\",\"target\":{\"@type\":\"EntryPoint\",\"urlTemplate\":\"https:\/\/ethics.crto.on.ca\/?s={search_term_string}\"},\"query-input\":{\"@type\":\"PropertyValueSpecification\",\"valueRequired\":true,\"valueName\":\"search_term_string\"}}],\"inLanguage\":\"fr-FR\"}]}<\/script>\n<!-- \/ Yoast SEO plugin. -->","yoast_head_json":{"title":"Sc\u00e9narios de cas - mise en pratique des principes - Commitment to Ethical Practice","robots":{"index":"index","follow":"follow","max-snippet":"max-snippet:-1","max-image-preview":"max-image-preview:large","max-video-preview":"max-video-preview:-1"},"canonical":"https:\/\/ethics.crto.on.ca\/fr\/scenarios-de-cas-mise-en-pratique-des-principes\/","og_locale":"fr_FR","og_type":"article","og_title":"Sc\u00e9narios de cas - mise en pratique des principes - Commitment to Ethical Practice","og_description":"Sc\u00e9narios de cas - mise en pratique des principesLes exemples de cas suivants servent \u00e0 illustrer la mise en pratique des principes dans la prise de d\u00e9cision et le comportement. Chaque cas est expliqu\u00e9 avec mention des principes, mais aussi par une br\u00e8ve discussion sur les valeurs sous-jacentes.Nous incitons les th\u00e9rapeutes respiratoires \u00e0 utiliser l\u2019algorithme [&hellip;]","og_url":"https:\/\/ethics.crto.on.ca\/fr\/scenarios-de-cas-mise-en-pratique-des-principes\/","og_site_name":"Commitment to Ethical Practice","article_modified_time":"2021-05-31T04:40:02+00:00","twitter_card":"summary_large_image","twitter_misc":{"Est. reading time":"4 minutes"},"schema":{"@context":"https:\/\/schema.org","@graph":[{"@type":"WebPage","@id":"https:\/\/ethics.crto.on.ca\/fr\/scenarios-de-cas-mise-en-pratique-des-principes\/","url":"https:\/\/ethics.crto.on.ca\/fr\/scenarios-de-cas-mise-en-pratique-des-principes\/","name":"Sc\u00e9narios de cas - mise en pratique des principes - Commitment to Ethical Practice","isPartOf":{"@id":"https:\/\/ethics.crto.on.ca\/#website"},"datePublished":"2021-05-26T06:48:08+00:00","dateModified":"2021-05-31T04:40:02+00:00","breadcrumb":{"@id":"https:\/\/ethics.crto.on.ca\/fr\/scenarios-de-cas-mise-en-pratique-des-principes\/#breadcrumb"},"inLanguage":"fr-FR","potentialAction":[{"@type":"ReadAction","target":["https:\/\/ethics.crto.on.ca\/fr\/scenarios-de-cas-mise-en-pratique-des-principes\/"]}]},{"@type":"BreadcrumbList","@id":"https:\/\/ethics.crto.on.ca\/fr\/scenarios-de-cas-mise-en-pratique-des-principes\/#breadcrumb","itemListElement":[{"@type":"ListItem","position":1,"name":"Home","item":"https:\/\/ethics.crto.on.ca\/fr\/"},{"@type":"ListItem","position":2,"name":"Sc\u00e9narios de cas &#8211; mise en pratique des principes"}]},{"@type":"WebSite","@id":"https:\/\/ethics.crto.on.ca\/#website","url":"https:\/\/ethics.crto.on.ca\/","name":"Commitment to Ethical Practice","description":"CRTO MicroSite for A Commitment to Ethical Practice","potentialAction":[{"@type":"SearchAction","target":{"@type":"EntryPoint","urlTemplate":"https:\/\/ethics.crto.on.ca\/?s={search_term_string}"},"query-input":{"@type":"PropertyValueSpecification","valueRequired":true,"valueName":"search_term_string"}}],"inLanguage":"fr-FR"}]}},"_links":{"self":[{"href":"https:\/\/ethics.crto.on.ca\/fr\/wp-json\/wp\/v2\/pages\/2938","targetHints":{"allow":["GET"]}}],"collection":[{"href":"https:\/\/ethics.crto.on.ca\/fr\/wp-json\/wp\/v2\/pages"}],"about":[{"href":"https:\/\/ethics.crto.on.ca\/fr\/wp-json\/wp\/v2\/types\/page"}],"author":[{"embeddable":true,"href":"https:\/\/ethics.crto.on.ca\/fr\/wp-json\/wp\/v2\/users\/4"}],"replies":[{"embeddable":true,"href":"https:\/\/ethics.crto.on.ca\/fr\/wp-json\/wp\/v2\/comments?post=2938"}],"version-history":[{"count":6,"href":"https:\/\/ethics.crto.on.ca\/fr\/wp-json\/wp\/v2\/pages\/2938\/revisions"}],"predecessor-version":[{"id":3062,"href":"https:\/\/ethics.crto.on.ca\/fr\/wp-json\/wp\/v2\/pages\/2938\/revisions\/3062"}],"wp:attachment":[{"href":"https:\/\/ethics.crto.on.ca\/fr\/wp-json\/wp\/v2\/media?parent=2938"}],"curies":[{"name":"wp","href":"https:\/\/api.w.org\/{rel}","templated":true}]}}