{"id":3110,"date":"2021-05-31T23:34:51","date_gmt":"2021-05-31T23:34:51","guid":{"rendered":"https:\/\/ethics.crto.on.ca\/?page_id=3110"},"modified":"2021-05-31T23:47:26","modified_gmt":"2021-05-31T23:47:26","slug":"la-decision-de-fin-de-vie","status":"publish","type":"page","link":"https:\/\/ethics.crto.on.ca\/fr\/la-decision-de-fin-de-vie\/","title":{"rendered":"La d\u00e9cision de fin de vie"},"content":{"rendered":"<p>[et_pb_section fb_built=\u00a0\u00bb1&Prime; inner_shadow=\u00a0\u00bbon\u00a0\u00bb _builder_version=\u00a0\u00bb4.8.2&Prime; use_background_color_gradient=\u00a0\u00bbon\u00a0\u00bb background_color_gradient_start=\u00a0\u00bbrgba(255,255,255,0.55)\u00a0\u00bb background_color_gradient_end=\u00a0\u00bbrgba(255,255,255,0.8)\u00a0\u00bb background_color_gradient_direction=\u00a0\u00bb270deg\u00a0\u00bb background_color_gradient_overlays_image=\u00a0\u00bbon\u00a0\u00bb background_image=\u00a0\u00bbhttps:\/\/ethics.crto.on.ca\/wp-content\/uploads\/sites\/19\/2021\/05\/End_of_Life_Decision_Making.jpg\u00a0\u00bb custom_padding=\u00a0\u00bb50px||50px|\u00a0\u00bb][et_pb_row column_structure=\u00a0\u00bb3_5,2_5&Prime; _builder_version=\u00a0\u00bb4.6.6&Prime; background_size=\u00a0\u00bbinitial\u00a0\u00bb background_position=\u00a0\u00bbtop_left\u00a0\u00bb background_repeat=\u00a0\u00bbrepeat\u00a0\u00bb custom_padding=\u00a0\u00bb90px||90px||true|\u00a0\u00bb][et_pb_column type=\u00a0\u00bb3_5&Prime; _builder_version=\u00a0\u00bb3.25&Prime; custom_padding=\u00a0\u00bb|||\u00a0\u00bb custom_padding__hover=\u00a0\u00bb|||\u00a0\u00bb][et_pb_text admin_label=\u00a0\u00bbSTANDARD TITLE\u00a0\u00bb _builder_version=\u00a0\u00bb4.8.2&Prime; text_font_size=\u00a0\u00bb18px\u00a0\u00bb text_line_height=\u00a0\u00bb1.6em\u00a0\u00bb header_font=\u00a0\u00bb|||on|||||\u00a0\u00bb module_alignment=\u00a0\u00bbleft\u00a0\u00bb custom_padding=\u00a0\u00bb||||false|false\u00a0\u00bb]<\/p>\n<h1><strong>La d\u00e9cision de fin de vie<br \/>\n<\/strong><\/h1>\n<p>[\/et_pb_text][\/et_pb_column][et_pb_column type=\u00a0\u00bb2_5&Prime; _builder_version=\u00a0\u00bb3.25&Prime; custom_padding=\u00a0\u00bb|||\u00a0\u00bb custom_padding__hover=\u00a0\u00bb|||\u00a0\u00bb][\/et_pb_column][\/et_pb_row][\/et_pb_section][et_pb_section fb_built=\u00a0\u00bb1&Prime; _builder_version=\u00a0\u00bb4.8.2&Prime; _module_preset=\u00a0\u00bbdefault\u00a0\u00bb background_image=\u00a0\u00bbhttps:\/\/ethics.crto.on.ca\/wp-content\/uploads\/sites\/19\/2021\/05\/crto-patternblue-tall.jpg\u00a0\u00bb background_position=\u00a0\u00bbbottom_left\u00a0\u00bb border_width_top=\u00a0\u00bb3px\u00a0\u00bb border_color_top=\u00a0\u00bb#019BD7&Prime; border_width_bottom=\u00a0\u00bb3px\u00a0\u00bb border_color_bottom=\u00a0\u00bb#019BD7&Prime;][et_pb_row column_structure=\u00a0\u00bb1_3,2_3&Prime; module_id=\u00a0\u00bbpenaltiesAbuse\u00a0\u00bb _builder_version=\u00a0\u00bb4.6.6&Prime; _module_preset=\u00a0\u00bbdefault\u00a0\u00bb][et_pb_column type=\u00a0\u00bb1_3&Prime; _builder_version=\u00a0\u00bb4.6.6&Prime; _module_preset=\u00a0\u00bbdefault\u00a0\u00bb][et_pb_text admin_label=\u00a0\u00bbPerformance\u00a0\u00bb _builder_version=\u00a0\u00bb4.8.2&Prime; header_font_size=\u00a0\u00bb45px\u00a0\u00bb custom_margin=\u00a0\u00bb||10px|\u00a0\u00bb]<\/p>\n<h2><strong>La d\u00e9cision de fin de vie<br \/>\n<\/strong><\/h2>\n<p>[\/et_pb_text][\/et_pb_column][et_pb_column type=\u00a0\u00bb2_3&Prime; _builder_version=\u00a0\u00bb4.6.6&Prime; _module_preset=\u00a0\u00bbdefault\u00a0\u00bb][et_pb_text admin_label=\u00a0\u00bbPerformance Expectations\u00a0\u00bb _builder_version=\u00a0\u00bb4.8.2&Prime; custom_padding=\u00a0\u00bb0px|||\u00a0\u00bb]<\/p>\n<p>Les droits juridiques des patients et clients \u00e0 la fin de leur vie constituent les exigences morales minimales. Les personnes en possession de leurs moyens ont le droit de d\u00e9cider des soins m\u00e9dicaux qu\u2019ils recevront. Si cette capacit\u00e9 est remise en question, elles ont le droit d\u2019obtenir une \u00e9valuation de leurs capacit\u00e9s. La <em>Loi sur le consentement aux soins de sant\u00e9<\/em> (LCSS) d\u00e9crit le processus \u00e0 suivre si un patient ou client est consid\u00e9r\u00e9 comme n\u2019\u00e9tant pas en possession de ses moyens, incluant la d\u00e9signation d\u2019un <strong>mandataire sp\u00e9cial<\/strong>. (LCSS, 1996) Il est important de souligner toutefois que la d\u00e9cision finale quant au plan de soins rel\u00e8ve du patient\/client ou de son mandataire sp\u00e9cial. Le consentement au traitement est obligatoire, mais il faut aussi un consentement pour refuser un traitement ou pour l\u2019interrompre. (LCSS, 1996)<\/p>\n<p>[\/et_pb_text][et_pb_text admin_label=\u00a0\u00bbPerformance Expectations\u00a0\u00bb _builder_version=\u00a0\u00bb4.8.2&Prime; text_text_color=\u00a0\u00bb#FFFFFF\u00a0\u00bb background_color=\u00a0\u00bb#019BD7&Prime; custom_padding=\u00a0\u00bb25px|25px|25px|25px|true|true\u00a0\u00bb locked=\u00a0\u00bboff\u00a0\u00bb]<\/p>\n<p>Un nouveau-n\u00e9 gravement atteint de la maladie d\u2019AranDuchenne de type 1 a besoin de ventilation non invasive \u00e0 pression positive (VNIPP). Le th\u00e9rapeute respiratoire se fait demander d\u2019enlever le ventilateur. Que devrait-il faire? Comme le pronostic est grave, le m\u00e9decin traitant indique qu\u2019il serait \u00ab dans l\u2019int\u00e9r\u00eat de tous \u00bb de le retirer du ventilateur \u00e0 pression positive expiratoire \u00e0 deux niveaux. Toutefois, les parents d\u00e9sirent la poursuite du traitement, dans l\u2019espoir d\u2019amener leur b\u00e9b\u00e9 \u00e0 la maison. Le th\u00e9rapeute respiratoire s\u2019est fait demander d\u2019enlever le ventilateur. Que devrait-il faire?<\/p>\n<p>[\/et_pb_text][et_pb_accordion open_toggle_text_color=\u00a0\u00bb#019BD7&Prime; _builder_version=\u00a0\u00bb4.8.2&Prime; _module_preset=\u00a0\u00bbdefault\u00a0\u00bb toggle_font=\u00a0\u00bb|600|||||||\u00a0\u00bb module_alignment=\u00a0\u00bbcenter\u00a0\u00bb locked=\u00a0\u00bboff\u00a0\u00bb][et_pb_accordion_item title=\u00a0\u00bbLes principes moraux en cause sont le respect du libre arbitre, qui entre en conflit avec le besoin pour le th\u00e9rapeute respiratoire de faire le bien et de ne pas causer de tort.\u00a0\u00bb open=\u00a0\u00bbon\u00a0\u00bb _builder_version=\u00a0\u00bb4.8.2&Prime; _module_preset=\u00a0\u00bbdefault\u00a0\u00bb toggle_level=\u00a0\u00bbh3&Prime; toggle_font=\u00a0\u00bb|600|||||||\u00a0\u00bb]<\/p>\n<p>Il est possible que l\u2019\u00e9quipe de soins de sant\u00e9 dispose de donn\u00e9es m\u00e9dicales probantes entourant la survie \u00e0 long terme de cet enfant et la qualit\u00e9 de vie pour la famille. Elle devrait discuter avec les parents des r\u00e9sultats attendus. Dans ce cas-ci, les parents sont les tuteurs de l\u2019enfant et sont donc en mesure de prendre des d\u00e9cisions au nom de ce dernier. Si on ne peut en arriver \u00e0 un accord sur le plan de soins et si l\u2019\u00e9quipe de soins de sant\u00e9 est d\u2019avis que la d\u00e9cision des parents n\u2019est pas dans l\u2019int\u00e9r\u00eat v\u00e9ritable de l\u2019enfant, elle peut pr\u00e9senter le cas aupr\u00e8s de la <strong>Commission de r\u00e9vision du consentement et de la capacit\u00e9<\/strong>. Dans l\u2019intervalle, toutefois, la d\u00e9cision des parents a force et le th\u00e9rapeute respiratoire doit \u00e9viter de retirer le b\u00e9b\u00e9 de la VNIPP.<\/p>\n<p><span style=\"font-weight: 400;\">Pour obtenir de plus amples renseignements sur le consentement, voyez les lignes directrices de pratique professionnelle de l\u2019OTRO <em>Responsabilit\u00e9s en vertu de la l\u00e9gislation en mati\u00e8re de consentement<\/em> \u00e0<\/span> <a href=\"https:\/\/www.crto.on.ca\/pdf\/fr\/PPG\/UnderConsent_fr.pdf\" target=\"_blank\" rel=\"noopener\"><span style=\"font-weight: 400;\">www.crto.on.ca\/pdf\/fr\/PPG\/UnderConsent_fr.pdf<\/span><\/a><\/p>\n<p>[\/et_pb_accordion_item][\/et_pb_accordion][\/et_pb_column][\/et_pb_row][\/et_pb_section][et_pb_section fb_built=\u00a0\u00bb1&Prime; inner_shadow=\u00a0\u00bbon\u00a0\u00bb module_id=\u00a0\u00bbfootnote\u00a0\u00bb _builder_version=\u00a0\u00bb3.22&Prime; use_background_color_gradient=\u00a0\u00bbon\u00a0\u00bb background_color_gradient_start=\u00a0\u00bb#ffffff\u00a0\u00bb background_color_gradient_end=\u00a0\u00bb#ededed\u00a0\u00bb background_color_gradient_type=\u00a0\u00bbradial\u00a0\u00bb background_color_gradient_start_position=\u00a0\u00bb53%\u00a0\u00bb custom_padding=\u00a0\u00bb20px||20px|\u00a0\u00bb][et_pb_row column_structure=\u00a0\u00bb1_2,1_4,1_4&Prime; _builder_version=\u00a0\u00bb3.25&Prime;][et_pb_column type=\u00a0\u00bb1_2&Prime; _builder_version=\u00a0\u00bb3.25&Prime; custom_padding=\u00a0\u00bb|||\u00a0\u00bb custom_padding__hover=\u00a0\u00bb|||\u00a0\u00bb][\/et_pb_column][et_pb_column type=\u00a0\u00bb1_4&Prime; _builder_version=\u00a0\u00bb3.25&Prime; custom_padding=\u00a0\u00bb|||\u00a0\u00bb custom_padding__hover=\u00a0\u00bb|||\u00a0\u00bb][et_pb_button button_url=\u00a0\u00bb\/fr\/duty-to-care\/\u00a0\u00bb button_text=\u00a0\u00bbPr\u00e9c\u00e9dent\u00a0\u00bb button_alignment=\u00a0\u00bbright\u00a0\u00bb admin_label=\u00a0\u00bbPrevious\u00a0\u00bb _builder_version=\u00a0\u00bb4.8.2&Prime; animation_style=\u00a0\u00bbfade\u00a0\u00bb button_text_size__hover_enabled=\u00a0\u00bboff\u00a0\u00bb button_one_text_size__hover_enabled=\u00a0\u00bboff\u00a0\u00bb button_two_text_size__hover_enabled=\u00a0\u00bboff\u00a0\u00bb button_text_color__hover_enabled=\u00a0\u00bboff\u00a0\u00bb button_one_text_color__hover_enabled=\u00a0\u00bboff\u00a0\u00bb button_two_text_color__hover_enabled=\u00a0\u00bboff\u00a0\u00bb button_border_width__hover_enabled=\u00a0\u00bboff\u00a0\u00bb button_one_border_width__hover_enabled=\u00a0\u00bboff\u00a0\u00bb button_two_border_width__hover_enabled=\u00a0\u00bboff\u00a0\u00bb button_border_color__hover_enabled=\u00a0\u00bboff\u00a0\u00bb button_one_border_color__hover_enabled=\u00a0\u00bboff\u00a0\u00bb button_two_border_color__hover_enabled=\u00a0\u00bboff\u00a0\u00bb button_border_radius__hover_enabled=\u00a0\u00bboff\u00a0\u00bb button_one_border_radius__hover_enabled=\u00a0\u00bboff\u00a0\u00bb button_two_border_radius__hover_enabled=\u00a0\u00bboff\u00a0\u00bb button_letter_spacing__hover_enabled=\u00a0\u00bboff\u00a0\u00bb button_one_letter_spacing__hover_enabled=\u00a0\u00bboff\u00a0\u00bb button_two_letter_spacing__hover_enabled=\u00a0\u00bboff\u00a0\u00bb button_bg_color__hover_enabled=\u00a0\u00bboff\u00a0\u00bb button_one_bg_color__hover_enabled=\u00a0\u00bboff\u00a0\u00bb button_two_bg_color__hover_enabled=\u00a0\u00bboff\u00a0\u00bb][\/et_pb_button][\/et_pb_column][et_pb_column type=\u00a0\u00bb1_4&Prime; _builder_version=\u00a0\u00bb3.25&Prime; custom_padding=\u00a0\u00bb|||\u00a0\u00bb custom_padding__hover=\u00a0\u00bb|||\u00a0\u00bb][et_pb_button button_url=\u00a0\u00bb\/fr\/ending-the-rt-patient-client-relationship\/\u00a0\u00bb button_text=\u00a0\u00bbSuivant\u00a0\u00bb button_alignment=\u00a0\u00bbleft\u00a0\u00bb admin_label=\u00a0\u00bbNext\u00a0\u00bb _builder_version=\u00a0\u00bb4.8.2&Prime; animation_style=\u00a0\u00bbfade\u00a0\u00bb button_text_size__hover_enabled=\u00a0\u00bboff\u00a0\u00bb button_one_text_size__hover_enabled=\u00a0\u00bboff\u00a0\u00bb button_two_text_size__hover_enabled=\u00a0\u00bboff\u00a0\u00bb button_text_color__hover_enabled=\u00a0\u00bboff\u00a0\u00bb button_one_text_color__hover_enabled=\u00a0\u00bboff\u00a0\u00bb button_two_text_color__hover_enabled=\u00a0\u00bboff\u00a0\u00bb button_border_width__hover_enabled=\u00a0\u00bboff\u00a0\u00bb button_one_border_width__hover_enabled=\u00a0\u00bboff\u00a0\u00bb button_two_border_width__hover_enabled=\u00a0\u00bboff\u00a0\u00bb button_border_color__hover_enabled=\u00a0\u00bboff\u00a0\u00bb button_one_border_color__hover_enabled=\u00a0\u00bboff\u00a0\u00bb button_two_border_color__hover_enabled=\u00a0\u00bboff\u00a0\u00bb button_border_radius__hover_enabled=\u00a0\u00bboff\u00a0\u00bb button_one_border_radius__hover_enabled=\u00a0\u00bboff\u00a0\u00bb button_two_border_radius__hover_enabled=\u00a0\u00bboff\u00a0\u00bb button_letter_spacing__hover_enabled=\u00a0\u00bboff\u00a0\u00bb button_one_letter_spacing__hover_enabled=\u00a0\u00bboff\u00a0\u00bb button_two_letter_spacing__hover_enabled=\u00a0\u00bboff\u00a0\u00bb button_bg_color__hover_enabled=\u00a0\u00bboff\u00a0\u00bb button_one_bg_color__hover_enabled=\u00a0\u00bboff\u00a0\u00bb button_two_bg_color__hover_enabled=\u00a0\u00bboff\u00a0\u00bb][\/et_pb_button][\/et_pb_column][\/et_pb_row][\/et_pb_section]<\/p>\n","protected":false},"excerpt":{"rendered":"<p>La d\u00e9cision de fin de vie La d\u00e9cision de fin de vie Les droits juridiques des patients et clients \u00e0 la fin de leur vie constituent les exigences morales minimales. Les personnes en possession de leurs moyens ont le droit de d\u00e9cider des soins m\u00e9dicaux qu\u2019ils recevront. Si cette capacit\u00e9 est remise en question, elles [&hellip;]<\/p>\n","protected":false},"author":4,"featured_media":0,"parent":0,"menu_order":0,"comment_status":"closed","ping_status":"closed","template":"","meta":{"_et_pb_use_builder":"on","_et_pb_old_content":"","_et_gb_content_width":"","footnotes":""},"class_list":["post-3110","page","type-page","status-publish","hentry"],"yoast_head":"<!-- This site is optimized with the Yoast SEO plugin v26.9 - https:\/\/yoast.com\/product\/yoast-seo-wordpress\/ -->\n<title>La d\u00e9cision de fin de vie - Commitment to Ethical Practice<\/title>\n<meta name=\"robots\" content=\"index, follow, max-snippet:-1, max-image-preview:large, max-video-preview:-1\" \/>\n<link rel=\"canonical\" href=\"https:\/\/ethics.crto.on.ca\/fr\/la-decision-de-fin-de-vie\/\" \/>\n<meta property=\"og:locale\" content=\"fr_FR\" \/>\n<meta property=\"og:type\" content=\"article\" \/>\n<meta property=\"og:title\" content=\"La d\u00e9cision de fin de vie - Commitment to Ethical Practice\" \/>\n<meta property=\"og:description\" content=\"La d\u00e9cision de fin de vie La d\u00e9cision de fin de vie Les droits juridiques des patients et clients \u00e0 la fin de leur vie constituent les exigences morales minimales. Les personnes en possession de leurs moyens ont le droit de d\u00e9cider des soins m\u00e9dicaux qu\u2019ils recevront. Si cette capacit\u00e9 est remise en question, elles [&hellip;]\" \/>\n<meta property=\"og:url\" content=\"https:\/\/ethics.crto.on.ca\/fr\/la-decision-de-fin-de-vie\/\" \/>\n<meta property=\"og:site_name\" content=\"Commitment to Ethical Practice\" \/>\n<meta property=\"article:modified_time\" content=\"2021-05-31T23:47:26+00:00\" \/>\n<meta name=\"twitter:card\" content=\"summary_large_image\" \/>\n<meta name=\"twitter:label1\" content=\"Est. reading time\" \/>\n\t<meta name=\"twitter:data1\" content=\"6 minutes\" \/>\n<script type=\"application\/ld+json\" class=\"yoast-schema-graph\">{\"@context\":\"https:\/\/schema.org\",\"@graph\":[{\"@type\":\"WebPage\",\"@id\":\"https:\/\/ethics.crto.on.ca\/fr\/la-decision-de-fin-de-vie\/\",\"url\":\"https:\/\/ethics.crto.on.ca\/fr\/la-decision-de-fin-de-vie\/\",\"name\":\"La d\u00e9cision de fin de vie - Commitment to Ethical Practice\",\"isPartOf\":{\"@id\":\"https:\/\/ethics.crto.on.ca\/#website\"},\"datePublished\":\"2021-05-31T23:34:51+00:00\",\"dateModified\":\"2021-05-31T23:47:26+00:00\",\"breadcrumb\":{\"@id\":\"https:\/\/ethics.crto.on.ca\/fr\/la-decision-de-fin-de-vie\/#breadcrumb\"},\"inLanguage\":\"fr-FR\",\"potentialAction\":[{\"@type\":\"ReadAction\",\"target\":[\"https:\/\/ethics.crto.on.ca\/fr\/la-decision-de-fin-de-vie\/\"]}]},{\"@type\":\"BreadcrumbList\",\"@id\":\"https:\/\/ethics.crto.on.ca\/fr\/la-decision-de-fin-de-vie\/#breadcrumb\",\"itemListElement\":[{\"@type\":\"ListItem\",\"position\":1,\"name\":\"Home\",\"item\":\"https:\/\/ethics.crto.on.ca\/fr\/\"},{\"@type\":\"ListItem\",\"position\":2,\"name\":\"La d\u00e9cision de fin de vie\"}]},{\"@type\":\"WebSite\",\"@id\":\"https:\/\/ethics.crto.on.ca\/#website\",\"url\":\"https:\/\/ethics.crto.on.ca\/\",\"name\":\"Commitment to Ethical Practice\",\"description\":\"CRTO MicroSite for A Commitment to Ethical Practice\",\"potentialAction\":[{\"@type\":\"SearchAction\",\"target\":{\"@type\":\"EntryPoint\",\"urlTemplate\":\"https:\/\/ethics.crto.on.ca\/?s={search_term_string}\"},\"query-input\":{\"@type\":\"PropertyValueSpecification\",\"valueRequired\":true,\"valueName\":\"search_term_string\"}}],\"inLanguage\":\"fr-FR\"}]}<\/script>\n<!-- \/ Yoast SEO plugin. -->","yoast_head_json":{"title":"La d\u00e9cision de fin de vie - Commitment to Ethical Practice","robots":{"index":"index","follow":"follow","max-snippet":"max-snippet:-1","max-image-preview":"max-image-preview:large","max-video-preview":"max-video-preview:-1"},"canonical":"https:\/\/ethics.crto.on.ca\/fr\/la-decision-de-fin-de-vie\/","og_locale":"fr_FR","og_type":"article","og_title":"La d\u00e9cision de fin de vie - Commitment to Ethical Practice","og_description":"La d\u00e9cision de fin de vie La d\u00e9cision de fin de vie Les droits juridiques des patients et clients \u00e0 la fin de leur vie constituent les exigences morales minimales. Les personnes en possession de leurs moyens ont le droit de d\u00e9cider des soins m\u00e9dicaux qu\u2019ils recevront. Si cette capacit\u00e9 est remise en question, elles [&hellip;]","og_url":"https:\/\/ethics.crto.on.ca\/fr\/la-decision-de-fin-de-vie\/","og_site_name":"Commitment to Ethical Practice","article_modified_time":"2021-05-31T23:47:26+00:00","twitter_card":"summary_large_image","twitter_misc":{"Est. reading time":"6 minutes"},"schema":{"@context":"https:\/\/schema.org","@graph":[{"@type":"WebPage","@id":"https:\/\/ethics.crto.on.ca\/fr\/la-decision-de-fin-de-vie\/","url":"https:\/\/ethics.crto.on.ca\/fr\/la-decision-de-fin-de-vie\/","name":"La d\u00e9cision de fin de vie - Commitment to Ethical Practice","isPartOf":{"@id":"https:\/\/ethics.crto.on.ca\/#website"},"datePublished":"2021-05-31T23:34:51+00:00","dateModified":"2021-05-31T23:47:26+00:00","breadcrumb":{"@id":"https:\/\/ethics.crto.on.ca\/fr\/la-decision-de-fin-de-vie\/#breadcrumb"},"inLanguage":"fr-FR","potentialAction":[{"@type":"ReadAction","target":["https:\/\/ethics.crto.on.ca\/fr\/la-decision-de-fin-de-vie\/"]}]},{"@type":"BreadcrumbList","@id":"https:\/\/ethics.crto.on.ca\/fr\/la-decision-de-fin-de-vie\/#breadcrumb","itemListElement":[{"@type":"ListItem","position":1,"name":"Home","item":"https:\/\/ethics.crto.on.ca\/fr\/"},{"@type":"ListItem","position":2,"name":"La d\u00e9cision de fin de vie"}]},{"@type":"WebSite","@id":"https:\/\/ethics.crto.on.ca\/#website","url":"https:\/\/ethics.crto.on.ca\/","name":"Commitment to Ethical Practice","description":"CRTO MicroSite for A Commitment to Ethical Practice","potentialAction":[{"@type":"SearchAction","target":{"@type":"EntryPoint","urlTemplate":"https:\/\/ethics.crto.on.ca\/?s={search_term_string}"},"query-input":{"@type":"PropertyValueSpecification","valueRequired":true,"valueName":"search_term_string"}}],"inLanguage":"fr-FR"}]}},"_links":{"self":[{"href":"https:\/\/ethics.crto.on.ca\/fr\/wp-json\/wp\/v2\/pages\/3110","targetHints":{"allow":["GET"]}}],"collection":[{"href":"https:\/\/ethics.crto.on.ca\/fr\/wp-json\/wp\/v2\/pages"}],"about":[{"href":"https:\/\/ethics.crto.on.ca\/fr\/wp-json\/wp\/v2\/types\/page"}],"author":[{"embeddable":true,"href":"https:\/\/ethics.crto.on.ca\/fr\/wp-json\/wp\/v2\/users\/4"}],"replies":[{"embeddable":true,"href":"https:\/\/ethics.crto.on.ca\/fr\/wp-json\/wp\/v2\/comments?post=3110"}],"version-history":[{"count":5,"href":"https:\/\/ethics.crto.on.ca\/fr\/wp-json\/wp\/v2\/pages\/3110\/revisions"}],"predecessor-version":[{"id":3121,"href":"https:\/\/ethics.crto.on.ca\/fr\/wp-json\/wp\/v2\/pages\/3110\/revisions\/3121"}],"wp:attachment":[{"href":"https:\/\/ethics.crto.on.ca\/fr\/wp-json\/wp\/v2\/media?parent=3110"}],"curies":[{"name":"wp","href":"https:\/\/api.w.org\/{rel}","templated":true}]}}