{"id":3126,"date":"2021-06-01T00:04:45","date_gmt":"2021-06-01T00:04:45","guid":{"rendered":"https:\/\/ethics.crto.on.ca\/?page_id=3126"},"modified":"2021-06-01T00:08:11","modified_gmt":"2021-06-01T00:08:11","slug":"medecine-reflechie-et-fondee-sur-des-preuves","status":"publish","type":"page","link":"https:\/\/ethics.crto.on.ca\/fr\/medecine-reflechie-et-fondee-sur-des-preuves\/","title":{"rendered":"M\u00e9decine r\u00e9fl\u00e9chie et fond\u00e9e sur des preuves"},"content":{"rendered":"<p>[et_pb_section fb_built=\u00a0\u00bb1&Prime; inner_shadow=\u00a0\u00bbon\u00a0\u00bb _builder_version=\u00a0\u00bb4.8.2&Prime; use_background_color_gradient=\u00a0\u00bbon\u00a0\u00bb background_color_gradient_start=\u00a0\u00bbrgba(255,255,255,0.55)\u00a0\u00bb background_color_gradient_end=\u00a0\u00bbrgba(255,255,255,0.8)\u00a0\u00bb background_color_gradient_direction=\u00a0\u00bb270deg\u00a0\u00bb background_color_gradient_start_position=\u00a0\u00bb25%\u00a0\u00bb background_color_gradient_end_position=\u00a0\u00bb70%\u00a0\u00bb background_color_gradient_overlays_image=\u00a0\u00bbon\u00a0\u00bb background_image=\u00a0\u00bbhttps:\/\/ethics.crto.on.ca\/wp-content\/uploads\/sites\/19\/2021\/05\/Evidence-Based_and_Reflective_Practice-img.jpg\u00a0\u00bb custom_padding=\u00a0\u00bb50px||50px|\u00a0\u00bb][et_pb_row _builder_version=\u00a0\u00bb4.6.6&Prime; background_size=\u00a0\u00bbinitial\u00a0\u00bb background_position=\u00a0\u00bbtop_left\u00a0\u00bb background_repeat=\u00a0\u00bbrepeat\u00a0\u00bb custom_padding=\u00a0\u00bb90px||90px||true|\u00a0\u00bb][et_pb_column type=\u00a0\u00bb4_4&Prime; _builder_version=\u00a0\u00bb3.25&Prime; custom_padding=\u00a0\u00bb|||\u00a0\u00bb custom_padding__hover=\u00a0\u00bb|||\u00a0\u00bb][et_pb_text admin_label=\u00a0\u00bbSTANDARD TITLE\u00a0\u00bb _builder_version=\u00a0\u00bb4.8.2&Prime; text_font_size=\u00a0\u00bb18px\u00a0\u00bb text_line_height=\u00a0\u00bb1.6em\u00a0\u00bb header_font=\u00a0\u00bb|||on|||||\u00a0\u00bb module_alignment=\u00a0\u00bbleft\u00a0\u00bb custom_padding=\u00a0\u00bb|150px|||false|false\u00a0\u00bb]<\/p>\n<h1><strong>M\u00e9decine r\u00e9fl\u00e9chie et fond\u00e9e sur des preuves<\/strong><\/h1>\n<p>[\/et_pb_text][\/et_pb_column][\/et_pb_row][\/et_pb_section][et_pb_section fb_built=\u00a0\u00bb1&Prime; _builder_version=\u00a0\u00bb4.8.2&Prime; _module_preset=\u00a0\u00bbdefault\u00a0\u00bb background_image=\u00a0\u00bbhttps:\/\/ethics.crto.on.ca\/wp-content\/uploads\/sites\/19\/2021\/05\/crto-patternblue-tall.jpg\u00a0\u00bb background_position=\u00a0\u00bbbottom_left\u00a0\u00bb border_width_top=\u00a0\u00bb3px\u00a0\u00bb border_color_top=\u00a0\u00bb#019BD7&Prime; border_width_bottom=\u00a0\u00bb3px\u00a0\u00bb border_color_bottom=\u00a0\u00bb#019BD7&Prime;][et_pb_row column_structure=\u00a0\u00bb1_3,2_3&Prime; module_id=\u00a0\u00bbpenaltiesAbuse\u00a0\u00bb _builder_version=\u00a0\u00bb4.6.6&Prime; _module_preset=\u00a0\u00bbdefault\u00a0\u00bb][et_pb_column type=\u00a0\u00bb1_3&Prime; _builder_version=\u00a0\u00bb4.6.6&Prime; _module_preset=\u00a0\u00bbdefault\u00a0\u00bb][et_pb_text admin_label=\u00a0\u00bbPerformance\u00a0\u00bb _builder_version=\u00a0\u00bb4.8.2&Prime; header_font_size=\u00a0\u00bb45px\u00a0\u00bb custom_margin=\u00a0\u00bb||10px|\u00a0\u00bb]<\/p>\n<h2><strong>M\u00e9decine r\u00e9fl\u00e9chie et fond\u00e9e sur des preuves<\/strong><\/h2>\n<p>[\/et_pb_text][\/et_pb_column][et_pb_column type=\u00a0\u00bb2_3&Prime; _builder_version=\u00a0\u00bb4.6.6&Prime; _module_preset=\u00a0\u00bbdefault\u00a0\u00bb][et_pb_text admin_label=\u00a0\u00bbPerformance Expectations\u00a0\u00bb _builder_version=\u00a0\u00bb4.8.2&Prime; custom_padding=\u00a0\u00bb0px|||\u00a0\u00bb]<\/p>\n<p>Pour fournir des soins de la plus haute qualit\u00e9, les th\u00e9rapeutes respiratoires doivent mettre en application les lignes directrices et la recherche les plus actuelles dans leur exercice clinique. La m\u00e9decine fond\u00e9e sur les preuves remet en question l\u2019id\u00e9e que les praticiens doivent continuer \u00e0 suivre des m\u00e9thodes m\u00e9dicales \u00ab accept\u00e9es \u00bb mais sans fondement et non pertinentes. Le th\u00e9rapeute respiratoire a la responsabilit\u00e9 de faire preuve d\u2019excellence professionnelle et d\u2019exercer la profession de mani\u00e8re comp\u00e9tente et int\u00e8gre, en veillant constamment \u00e0 se perfectionner sur le plan professionnel.<\/p>\n<p>[\/et_pb_text][et_pb_text admin_label=\u00a0\u00bbPerformance Expectations\u00a0\u00bb _builder_version=\u00a0\u00bb4.8.2&Prime; text_text_color=\u00a0\u00bb#FFFFFF\u00a0\u00bb background_color=\u00a0\u00bb#019BD7&Prime; custom_padding=\u00a0\u00bb25px|25px|25px|25px|true|true\u00a0\u00bb locked=\u00a0\u00bboff\u00a0\u00bb]Un sp\u00e9cialiste en m\u00e9decine interne ordonne un volume respiratoire trop \u00e9lev\u00e9 (&gt;10 mL\/kg) pour un patient ou client atteint du SDRA et n\u2019a pas r\u00e9dig\u00e9 d\u2019ordonnance de ventilation des GSA.<\/p>\n<p>L\u2019h\u00f4pital s\u2019est dot\u00e9 d\u2019une politique visant la mise en place du protocole sur la ventilation m\u00e9canique pour les patients ou clients atteints de SDRA qui r\u00e9pondent aux crit\u00e8res d\u2019inclusion, \u00e9labor\u00e9 par le National Heart, Lung and Blood Institute (NHLBI). Que devrait faire le th\u00e9rapeute respiratoire?<br \/>\n[\/et_pb_text][et_pb_accordion open_toggle_text_color=\u00a0\u00bb#019BD7&Prime; _builder_version=\u00a0\u00bb4.8.2&Prime; _module_preset=\u00a0\u00bbdefault\u00a0\u00bb toggle_font=\u00a0\u00bb|600|||||||\u00a0\u00bb module_alignment=\u00a0\u00bbcenter\u00a0\u00bb locked=\u00a0\u00bboff\u00a0\u00bb][et_pb_accordion_item title=\u00a0\u00bbLe principe moral en jeu est de faire le bien et d\u2019\u00e9viter de causer du tort.\u00a0\u00bb open=\u00a0\u00bbon\u00a0\u00bb _builder_version=\u00a0\u00bb4.8.2&Prime; _module_preset=\u00a0\u00bbdefault\u00a0\u00bb toggle_level=\u00a0\u00bbh3&Prime; toggle_font=\u00a0\u00bb|600|||||||\u00a0\u00bb]<\/p>\n<p>Premi\u00e8rement, le th\u00e9rapeute respiratoire doit agir dans l\u2019int\u00e9r\u00eat v\u00e9ritable du patient ou client. Si le praticien a une bonne raison de remettre en question une ordonnance m\u00e9dicale, il doit en aviser imm\u00e9diatement la personne qui l\u2019a r\u00e9dig\u00e9e. Parfois, une explication soign\u00e9e et bien \u00e9tay\u00e9e de la part du th\u00e9rapeute respiratoire suffit \u00e0 faire modifier l\u2019ordonnance. Sinon, le th\u00e9rapeute respiratoire devra \u00e9valuer le tort possible de l\u2019ordonnance sur le patient ou client. Dans ce cas-ci, si le th\u00e9rapeute respiratoire n\u2019est pas certain de l\u2019issue de la discussion avec le m\u00e9decin qui a r\u00e9dig\u00e9 l\u2019ordonnance, il peut passer au niveau administratif suivant (p. ex., chef du personnel, administrateur en disponibilit\u00e9, etc.). Dans l\u2019intervalle, il faut r\u00e9gler le volume respiratoire suivant des param\u00e8tres consid\u00e9r\u00e9 comme s\u00fbrs et consigner soigneusement le tout. Tous les autres membres du personnel fournissant des soins (p. ex., infirmi\u00e8re ou infirmier de chevet) doivent \u00e9galement \u00eatre avis\u00e9s.<\/p>\n<p>[\/et_pb_accordion_item][\/et_pb_accordion][\/et_pb_column][\/et_pb_row][\/et_pb_section][et_pb_section fb_built=\u00a0\u00bb1&Prime; inner_shadow=\u00a0\u00bbon\u00a0\u00bb module_id=\u00a0\u00bbfootnote\u00a0\u00bb _builder_version=\u00a0\u00bb3.22&Prime; use_background_color_gradient=\u00a0\u00bbon\u00a0\u00bb background_color_gradient_start=\u00a0\u00bb#ffffff\u00a0\u00bb background_color_gradient_end=\u00a0\u00bb#ededed\u00a0\u00bb background_color_gradient_type=\u00a0\u00bbradial\u00a0\u00bb background_color_gradient_start_position=\u00a0\u00bb53%\u00a0\u00bb custom_padding=\u00a0\u00bb20px||20px|\u00a0\u00bb][et_pb_row column_structure=\u00a0\u00bb1_2,1_4,1_4&Prime; _builder_version=\u00a0\u00bb3.25&Prime;][et_pb_column type=\u00a0\u00bb1_2&Prime; _builder_version=\u00a0\u00bb3.25&Prime; custom_padding=\u00a0\u00bb|||\u00a0\u00bb custom_padding__hover=\u00a0\u00bb|||\u00a0\u00bb][\/et_pb_column][et_pb_column type=\u00a0\u00bb1_4&Prime; _builder_version=\u00a0\u00bb3.25&Prime; custom_padding=\u00a0\u00bb|||\u00a0\u00bb custom_padding__hover=\u00a0\u00bb|||\u00a0\u00bb][et_pb_button button_url=\u00a0\u00bb\/fr\/ending-the-rt-patient-client-relationship\/\u00a0\u00bb button_text=\u00a0\u00bbPr\u00e9c\u00e9dent\u00a0\u00bb button_alignment=\u00a0\u00bbright\u00a0\u00bb admin_label=\u00a0\u00bbPrevious\u00a0\u00bb _builder_version=\u00a0\u00bb4.8.2&Prime; animation_style=\u00a0\u00bbfade\u00a0\u00bb button_text_size__hover_enabled=\u00a0\u00bboff\u00a0\u00bb button_one_text_size__hover_enabled=\u00a0\u00bboff\u00a0\u00bb button_two_text_size__hover_enabled=\u00a0\u00bboff\u00a0\u00bb button_text_color__hover_enabled=\u00a0\u00bboff\u00a0\u00bb button_one_text_color__hover_enabled=\u00a0\u00bboff\u00a0\u00bb button_two_text_color__hover_enabled=\u00a0\u00bboff\u00a0\u00bb button_border_width__hover_enabled=\u00a0\u00bboff\u00a0\u00bb button_one_border_width__hover_enabled=\u00a0\u00bboff\u00a0\u00bb button_two_border_width__hover_enabled=\u00a0\u00bboff\u00a0\u00bb button_border_color__hover_enabled=\u00a0\u00bboff\u00a0\u00bb button_one_border_color__hover_enabled=\u00a0\u00bboff\u00a0\u00bb button_two_border_color__hover_enabled=\u00a0\u00bboff\u00a0\u00bb button_border_radius__hover_enabled=\u00a0\u00bboff\u00a0\u00bb button_one_border_radius__hover_enabled=\u00a0\u00bboff\u00a0\u00bb button_two_border_radius__hover_enabled=\u00a0\u00bboff\u00a0\u00bb button_letter_spacing__hover_enabled=\u00a0\u00bboff\u00a0\u00bb button_one_letter_spacing__hover_enabled=\u00a0\u00bboff\u00a0\u00bb button_two_letter_spacing__hover_enabled=\u00a0\u00bboff\u00a0\u00bb button_bg_color__hover_enabled=\u00a0\u00bboff\u00a0\u00bb button_one_bg_color__hover_enabled=\u00a0\u00bboff\u00a0\u00bb button_two_bg_color__hover_enabled=\u00a0\u00bboff\u00a0\u00bb][\/et_pb_button][\/et_pb_column][et_pb_column type=\u00a0\u00bb1_4&Prime; _builder_version=\u00a0\u00bb3.25&Prime; custom_padding=\u00a0\u00bb|||\u00a0\u00bb custom_padding__hover=\u00a0\u00bb|||\u00a0\u00bb][et_pb_button button_url=\u00a0\u00bb\/fr\/interprofessional-collaboration\/\u00a0\u00bb button_text=\u00a0\u00bbSuivant\u00a0\u00bb button_alignment=\u00a0\u00bbleft\u00a0\u00bb admin_label=\u00a0\u00bbNext\u00a0\u00bb _builder_version=\u00a0\u00bb4.8.2&Prime; animation_style=\u00a0\u00bbfade\u00a0\u00bb button_text_size__hover_enabled=\u00a0\u00bboff\u00a0\u00bb button_one_text_size__hover_enabled=\u00a0\u00bboff\u00a0\u00bb button_two_text_size__hover_enabled=\u00a0\u00bboff\u00a0\u00bb button_text_color__hover_enabled=\u00a0\u00bboff\u00a0\u00bb button_one_text_color__hover_enabled=\u00a0\u00bboff\u00a0\u00bb button_two_text_color__hover_enabled=\u00a0\u00bboff\u00a0\u00bb button_border_width__hover_enabled=\u00a0\u00bboff\u00a0\u00bb button_one_border_width__hover_enabled=\u00a0\u00bboff\u00a0\u00bb button_two_border_width__hover_enabled=\u00a0\u00bboff\u00a0\u00bb button_border_color__hover_enabled=\u00a0\u00bboff\u00a0\u00bb button_one_border_color__hover_enabled=\u00a0\u00bboff\u00a0\u00bb button_two_border_color__hover_enabled=\u00a0\u00bboff\u00a0\u00bb button_border_radius__hover_enabled=\u00a0\u00bboff\u00a0\u00bb button_one_border_radius__hover_enabled=\u00a0\u00bboff\u00a0\u00bb button_two_border_radius__hover_enabled=\u00a0\u00bboff\u00a0\u00bb button_letter_spacing__hover_enabled=\u00a0\u00bboff\u00a0\u00bb button_one_letter_spacing__hover_enabled=\u00a0\u00bboff\u00a0\u00bb button_two_letter_spacing__hover_enabled=\u00a0\u00bboff\u00a0\u00bb button_bg_color__hover_enabled=\u00a0\u00bboff\u00a0\u00bb button_one_bg_color__hover_enabled=\u00a0\u00bboff\u00a0\u00bb button_two_bg_color__hover_enabled=\u00a0\u00bboff\u00a0\u00bb][\/et_pb_button][\/et_pb_column][\/et_pb_row][\/et_pb_section]<\/p>\n","protected":false},"excerpt":{"rendered":"<p>M\u00e9decine r\u00e9fl\u00e9chie et fond\u00e9e sur des preuves M\u00e9decine r\u00e9fl\u00e9chie et fond\u00e9e sur des preuves Pour fournir des soins de la plus haute qualit\u00e9, les th\u00e9rapeutes respiratoires doivent mettre en application les lignes directrices et la recherche les plus actuelles dans leur exercice clinique. La m\u00e9decine fond\u00e9e sur les preuves remet en question l\u2019id\u00e9e que les [&hellip;]<\/p>\n","protected":false},"author":4,"featured_media":0,"parent":0,"menu_order":0,"comment_status":"closed","ping_status":"closed","template":"","meta":{"_et_pb_use_builder":"on","_et_pb_old_content":"","_et_gb_content_width":"","footnotes":""},"class_list":["post-3126","page","type-page","status-publish","hentry"],"yoast_head":"<!-- This site is optimized with the Yoast SEO plugin v26.9 - https:\/\/yoast.com\/product\/yoast-seo-wordpress\/ -->\n<title>M\u00e9decine r\u00e9fl\u00e9chie et fond\u00e9e sur des preuves - Commitment to Ethical Practice<\/title>\n<meta name=\"robots\" content=\"index, follow, max-snippet:-1, max-image-preview:large, max-video-preview:-1\" \/>\n<link rel=\"canonical\" href=\"https:\/\/ethics.crto.on.ca\/fr\/medecine-reflechie-et-fondee-sur-des-preuves\/\" \/>\n<meta property=\"og:locale\" content=\"fr_FR\" \/>\n<meta property=\"og:type\" content=\"article\" \/>\n<meta property=\"og:title\" content=\"M\u00e9decine r\u00e9fl\u00e9chie et fond\u00e9e sur des preuves - Commitment to Ethical Practice\" \/>\n<meta property=\"og:description\" content=\"M\u00e9decine r\u00e9fl\u00e9chie et fond\u00e9e sur des preuves M\u00e9decine r\u00e9fl\u00e9chie et fond\u00e9e sur des preuves Pour fournir des soins de la plus haute qualit\u00e9, les th\u00e9rapeutes respiratoires doivent mettre en application les lignes directrices et la recherche les plus actuelles dans leur exercice clinique. La m\u00e9decine fond\u00e9e sur les preuves remet en question l\u2019id\u00e9e que les [&hellip;]\" \/>\n<meta property=\"og:url\" content=\"https:\/\/ethics.crto.on.ca\/fr\/medecine-reflechie-et-fondee-sur-des-preuves\/\" \/>\n<meta property=\"og:site_name\" content=\"Commitment to Ethical Practice\" \/>\n<meta property=\"article:modified_time\" content=\"2021-06-01T00:08:11+00:00\" \/>\n<meta name=\"twitter:card\" content=\"summary_large_image\" \/>\n<meta name=\"twitter:label1\" content=\"Est. reading time\" \/>\n\t<meta name=\"twitter:data1\" content=\"3 minutes\" \/>\n<script type=\"application\/ld+json\" class=\"yoast-schema-graph\">{\"@context\":\"https:\/\/schema.org\",\"@graph\":[{\"@type\":\"WebPage\",\"@id\":\"https:\/\/ethics.crto.on.ca\/fr\/medecine-reflechie-et-fondee-sur-des-preuves\/\",\"url\":\"https:\/\/ethics.crto.on.ca\/fr\/medecine-reflechie-et-fondee-sur-des-preuves\/\",\"name\":\"M\u00e9decine r\u00e9fl\u00e9chie et fond\u00e9e sur des preuves - Commitment to Ethical Practice\",\"isPartOf\":{\"@id\":\"https:\/\/ethics.crto.on.ca\/#website\"},\"datePublished\":\"2021-06-01T00:04:45+00:00\",\"dateModified\":\"2021-06-01T00:08:11+00:00\",\"breadcrumb\":{\"@id\":\"https:\/\/ethics.crto.on.ca\/fr\/medecine-reflechie-et-fondee-sur-des-preuves\/#breadcrumb\"},\"inLanguage\":\"fr-FR\",\"potentialAction\":[{\"@type\":\"ReadAction\",\"target\":[\"https:\/\/ethics.crto.on.ca\/fr\/medecine-reflechie-et-fondee-sur-des-preuves\/\"]}]},{\"@type\":\"BreadcrumbList\",\"@id\":\"https:\/\/ethics.crto.on.ca\/fr\/medecine-reflechie-et-fondee-sur-des-preuves\/#breadcrumb\",\"itemListElement\":[{\"@type\":\"ListItem\",\"position\":1,\"name\":\"Home\",\"item\":\"https:\/\/ethics.crto.on.ca\/fr\/\"},{\"@type\":\"ListItem\",\"position\":2,\"name\":\"M\u00e9decine r\u00e9fl\u00e9chie et fond\u00e9e sur des preuves\"}]},{\"@type\":\"WebSite\",\"@id\":\"https:\/\/ethics.crto.on.ca\/#website\",\"url\":\"https:\/\/ethics.crto.on.ca\/\",\"name\":\"Commitment to Ethical Practice\",\"description\":\"CRTO MicroSite for A Commitment to Ethical Practice\",\"potentialAction\":[{\"@type\":\"SearchAction\",\"target\":{\"@type\":\"EntryPoint\",\"urlTemplate\":\"https:\/\/ethics.crto.on.ca\/?s={search_term_string}\"},\"query-input\":{\"@type\":\"PropertyValueSpecification\",\"valueRequired\":true,\"valueName\":\"search_term_string\"}}],\"inLanguage\":\"fr-FR\"}]}<\/script>\n<!-- \/ Yoast SEO plugin. -->","yoast_head_json":{"title":"M\u00e9decine r\u00e9fl\u00e9chie et fond\u00e9e sur des preuves - Commitment to Ethical Practice","robots":{"index":"index","follow":"follow","max-snippet":"max-snippet:-1","max-image-preview":"max-image-preview:large","max-video-preview":"max-video-preview:-1"},"canonical":"https:\/\/ethics.crto.on.ca\/fr\/medecine-reflechie-et-fondee-sur-des-preuves\/","og_locale":"fr_FR","og_type":"article","og_title":"M\u00e9decine r\u00e9fl\u00e9chie et fond\u00e9e sur des preuves - Commitment to Ethical Practice","og_description":"M\u00e9decine r\u00e9fl\u00e9chie et fond\u00e9e sur des preuves M\u00e9decine r\u00e9fl\u00e9chie et fond\u00e9e sur des preuves Pour fournir des soins de la plus haute qualit\u00e9, les th\u00e9rapeutes respiratoires doivent mettre en application les lignes directrices et la recherche les plus actuelles dans leur exercice clinique. La m\u00e9decine fond\u00e9e sur les preuves remet en question l\u2019id\u00e9e que les [&hellip;]","og_url":"https:\/\/ethics.crto.on.ca\/fr\/medecine-reflechie-et-fondee-sur-des-preuves\/","og_site_name":"Commitment to Ethical Practice","article_modified_time":"2021-06-01T00:08:11+00:00","twitter_card":"summary_large_image","twitter_misc":{"Est. reading time":"3 minutes"},"schema":{"@context":"https:\/\/schema.org","@graph":[{"@type":"WebPage","@id":"https:\/\/ethics.crto.on.ca\/fr\/medecine-reflechie-et-fondee-sur-des-preuves\/","url":"https:\/\/ethics.crto.on.ca\/fr\/medecine-reflechie-et-fondee-sur-des-preuves\/","name":"M\u00e9decine r\u00e9fl\u00e9chie et fond\u00e9e sur des preuves - Commitment to Ethical Practice","isPartOf":{"@id":"https:\/\/ethics.crto.on.ca\/#website"},"datePublished":"2021-06-01T00:04:45+00:00","dateModified":"2021-06-01T00:08:11+00:00","breadcrumb":{"@id":"https:\/\/ethics.crto.on.ca\/fr\/medecine-reflechie-et-fondee-sur-des-preuves\/#breadcrumb"},"inLanguage":"fr-FR","potentialAction":[{"@type":"ReadAction","target":["https:\/\/ethics.crto.on.ca\/fr\/medecine-reflechie-et-fondee-sur-des-preuves\/"]}]},{"@type":"BreadcrumbList","@id":"https:\/\/ethics.crto.on.ca\/fr\/medecine-reflechie-et-fondee-sur-des-preuves\/#breadcrumb","itemListElement":[{"@type":"ListItem","position":1,"name":"Home","item":"https:\/\/ethics.crto.on.ca\/fr\/"},{"@type":"ListItem","position":2,"name":"M\u00e9decine r\u00e9fl\u00e9chie et fond\u00e9e sur des preuves"}]},{"@type":"WebSite","@id":"https:\/\/ethics.crto.on.ca\/#website","url":"https:\/\/ethics.crto.on.ca\/","name":"Commitment to Ethical Practice","description":"CRTO MicroSite for A Commitment to Ethical Practice","potentialAction":[{"@type":"SearchAction","target":{"@type":"EntryPoint","urlTemplate":"https:\/\/ethics.crto.on.ca\/?s={search_term_string}"},"query-input":{"@type":"PropertyValueSpecification","valueRequired":true,"valueName":"search_term_string"}}],"inLanguage":"fr-FR"}]}},"_links":{"self":[{"href":"https:\/\/ethics.crto.on.ca\/fr\/wp-json\/wp\/v2\/pages\/3126","targetHints":{"allow":["GET"]}}],"collection":[{"href":"https:\/\/ethics.crto.on.ca\/fr\/wp-json\/wp\/v2\/pages"}],"about":[{"href":"https:\/\/ethics.crto.on.ca\/fr\/wp-json\/wp\/v2\/types\/page"}],"author":[{"embeddable":true,"href":"https:\/\/ethics.crto.on.ca\/fr\/wp-json\/wp\/v2\/users\/4"}],"replies":[{"embeddable":true,"href":"https:\/\/ethics.crto.on.ca\/fr\/wp-json\/wp\/v2\/comments?post=3126"}],"version-history":[{"count":3,"href":"https:\/\/ethics.crto.on.ca\/fr\/wp-json\/wp\/v2\/pages\/3126\/revisions"}],"predecessor-version":[{"id":3134,"href":"https:\/\/ethics.crto.on.ca\/fr\/wp-json\/wp\/v2\/pages\/3126\/revisions\/3134"}],"wp:attachment":[{"href":"https:\/\/ethics.crto.on.ca\/fr\/wp-json\/wp\/v2\/media?parent=3126"}],"curies":[{"name":"wp","href":"https:\/\/api.w.org\/{rel}","templated":true}]}}