{"id":3137,"date":"2021-06-01T00:16:09","date_gmt":"2021-06-01T00:16:09","guid":{"rendered":"https:\/\/ethics.crto.on.ca\/?page_id=3137"},"modified":"2021-06-01T00:27:12","modified_gmt":"2021-06-01T00:27:12","slug":"la-collaboration-interprofessionnelle","status":"publish","type":"page","link":"https:\/\/ethics.crto.on.ca\/fr\/la-collaboration-interprofessionnelle\/","title":{"rendered":"La collaboration interprofessionnelle"},"content":{"rendered":"<p>[et_pb_section fb_built=\u00a0\u00bb1&Prime; inner_shadow=\u00a0\u00bbon\u00a0\u00bb _builder_version=\u00a0\u00bb4.8.2&Prime; use_background_color_gradient=\u00a0\u00bbon\u00a0\u00bb background_color_gradient_start=\u00a0\u00bbrgba(255,255,255,0.55)\u00a0\u00bb background_color_gradient_end=\u00a0\u00bbrgba(255,255,255,0.8)\u00a0\u00bb background_color_gradient_direction=\u00a0\u00bb270deg\u00a0\u00bb background_color_gradient_overlays_image=\u00a0\u00bbon\u00a0\u00bb background_image=\u00a0\u00bbhttps:\/\/ethics.crto.on.ca\/wp-content\/uploads\/sites\/19\/2021\/05\/Interprofessional_Collaboration.jpg\u00a0\u00bb custom_padding=\u00a0\u00bb50px||50px|\u00a0\u00bb][et_pb_row column_structure=\u00a0\u00bb3_5,2_5&Prime; _builder_version=\u00a0\u00bb4.6.6&Prime; background_size=\u00a0\u00bbinitial\u00a0\u00bb background_position=\u00a0\u00bbtop_left\u00a0\u00bb background_repeat=\u00a0\u00bbrepeat\u00a0\u00bb custom_padding=\u00a0\u00bb90px||90px||true|\u00a0\u00bb][et_pb_column type=\u00a0\u00bb3_5&Prime; _builder_version=\u00a0\u00bb3.25&Prime; custom_padding=\u00a0\u00bb|||\u00a0\u00bb custom_padding__hover=\u00a0\u00bb|||\u00a0\u00bb][et_pb_text admin_label=\u00a0\u00bbSTANDARD TITLE\u00a0\u00bb _builder_version=\u00a0\u00bb4.8.2&Prime; text_font_size=\u00a0\u00bb18px\u00a0\u00bb text_line_height=\u00a0\u00bb1.6em\u00a0\u00bb header_font=\u00a0\u00bb|||on|||||\u00a0\u00bb module_alignment=\u00a0\u00bbleft\u00a0\u00bb custom_padding=\u00a0\u00bb||||false|false\u00a0\u00bb]<\/p>\n<h1><strong>La collaboration interprofessionnelle<\/strong><\/h1>\n<p>[\/et_pb_text][\/et_pb_column][et_pb_column type=\u00a0\u00bb2_5&Prime; _builder_version=\u00a0\u00bb3.25&Prime; custom_padding=\u00a0\u00bb|||\u00a0\u00bb custom_padding__hover=\u00a0\u00bb|||\u00a0\u00bb][\/et_pb_column][\/et_pb_row][\/et_pb_section][et_pb_section fb_built=\u00a0\u00bb1&Prime; _builder_version=\u00a0\u00bb4.8.2&Prime; _module_preset=\u00a0\u00bbdefault\u00a0\u00bb background_image=\u00a0\u00bbhttps:\/\/ethics.crto.on.ca\/wp-content\/uploads\/sites\/19\/2021\/05\/crto-patternblue-tall.jpg\u00a0\u00bb background_position=\u00a0\u00bbbottom_left\u00a0\u00bb border_width_top=\u00a0\u00bb3px\u00a0\u00bb border_color_top=\u00a0\u00bb#019BD7&Prime; border_width_bottom=\u00a0\u00bb3px\u00a0\u00bb border_color_bottom=\u00a0\u00bb#019BD7&Prime;][et_pb_row column_structure=\u00a0\u00bb1_3,2_3&Prime; module_id=\u00a0\u00bbpenaltiesAbuse\u00a0\u00bb _builder_version=\u00a0\u00bb4.6.6&Prime; _module_preset=\u00a0\u00bbdefault\u00a0\u00bb][et_pb_column type=\u00a0\u00bb1_3&Prime; _builder_version=\u00a0\u00bb4.6.6&Prime; _module_preset=\u00a0\u00bbdefault\u00a0\u00bb][et_pb_text admin_label=\u00a0\u00bbPerformance\u00a0\u00bb _builder_version=\u00a0\u00bb4.8.2&Prime; header_font_size=\u00a0\u00bb45px\u00a0\u00bb custom_margin=\u00a0\u00bb||10px|\u00a0\u00bb]<\/p>\n<h2><strong>La collaboration interprofessionnelle<\/strong><\/h2>\n<p>[\/et_pb_text][\/et_pb_column][et_pb_column type=\u00a0\u00bb2_3&Prime; _builder_version=\u00a0\u00bb4.6.6&Prime; _module_preset=\u00a0\u00bbdefault\u00a0\u00bb][et_pb_text admin_label=\u00a0\u00bbPerformance Expectations\u00a0\u00bb _builder_version=\u00a0\u00bb4.8.2&Prime; custom_padding=\u00a0\u00bb0px|||\u00a0\u00bb]La collaboration interdisciplinaire d\u00e9signe l\u2019interaction positive entre deux ou plusieurs professionnels de la sant\u00e9 qui unissent leurs comp\u00e9tences et connaissances uniques afin d\u2019aider les patients ou clients et leur famille \u00e0 prendre des d\u00e9cisions sur la sant\u00e9. (ACIS, 2005) Il existe un grand nombre d\u2019\u00e9tudes confirmant les bienfaits de la collaboration interdisciplinaire sur les patients ou clients, les professionnels de la sant\u00e9 et le syst\u00e8me de sant\u00e9 dans son ensemble. Chaque profession am\u00e8ne ses propres comp\u00e9tences et l\u2019\u00e9quipe travaille dans la collaboration pour que chacun puisse apprendre les uns des autres.<\/p>\n<p>L\u2019objectif global de la collaboration interdisciplinaire est de maximiser l\u2019acc\u00e8s, par les patients ou clients, aux comp\u00e9tences et connaissances d\u2019un grand nombre de professionnels de la sant\u00e9. Dans certaines circonstances, l\u2019acc\u00e8s optimal aux soins est le plus grand lorsqu\u2019on veille \u00e0 ce que le plus grand nombre possible de praticiens puissent fournir un service donn\u00e9. Dans d\u2019autres situations, l\u2019int\u00e9r\u00eat v\u00e9ritable des patients ou clients est assur\u00e9 lorsqu\u2019un groupe s\u00e9lect d\u2019\u00ab experts \u00bb offrent un service bien pr\u00e9cis.<br \/>\n[\/et_pb_text][et_pb_text admin_label=\u00a0\u00bbPerformance Expectations\u00a0\u00bb _builder_version=\u00a0\u00bb4.8.2&Prime; text_text_color=\u00a0\u00bb#FFFFFF\u00a0\u00bb background_color=\u00a0\u00bb#019BD7&Prime; custom_padding=\u00a0\u00bb25px|25px|25px|25px|true|true\u00a0\u00bb locked=\u00a0\u00bboff\u00a0\u00bb]<\/p>\n<p>Les infirmi\u00e8res du service de soins intensifs d\u2019un h\u00f4pital communautaire abordent leur administration (sans consultation du service de th\u00e9rapie respiratoire) demandant d\u2019avoir le droit d\u2019ex\u00e9cuter des insertions de cath\u00e9ter art\u00e9riel (t\u00e2che qui a \u00e9t\u00e9 r\u00e9serv\u00e9e jusque l\u00e0 aux th\u00e9rapeutes respiratoires).<\/p>\n<p>Les th\u00e9rapeutes respiratoires s\u2019objectent (sans consulter le service des soins infirmiers intensifs) aupr\u00e8s de la haute administration. Qu\u2019est-ce qu\u2019il aurait fallu faire pour assurer un processus collaboratif et quel r\u00e9sultat serait dans l\u2019int\u00e9r\u00eat v\u00e9ritable du patient (soins optimaux)?<\/p>\n<p>[\/et_pb_text][et_pb_accordion open_toggle_text_color=\u00a0\u00bb#019BD7&Prime; _builder_version=\u00a0\u00bb4.8.2&Prime; _module_preset=\u00a0\u00bbdefault\u00a0\u00bb toggle_font=\u00a0\u00bb|600|||||||\u00a0\u00bb module_alignment=\u00a0\u00bbcenter\u00a0\u00bb locked=\u00a0\u00bboff\u00a0\u00bb][et_pb_accordion_item title=\u00a0\u00bbLes principes moraux en jeu sont de faire le bien et de ne pas causer de tort, de m\u00eame que le besoin d\u2019agir de fa\u00e7on juste.\u00a0\u00bb open=\u00a0\u00bbon\u00a0\u00bb _builder_version=\u00a0\u00bb4.8.2&Prime; _module_preset=\u00a0\u00bbdefault\u00a0\u00bb toggle_level=\u00a0\u00bbh3&Prime; toggle_font=\u00a0\u00bb|600|||||||\u00a0\u00bb]<\/p>\n<p>Bien que le processus d\u00e9crit dans le sc\u00e9nario soit un mauvais exemple de collaboration interdisciplinaire, on peut voir que les deux c\u00f4t\u00e9s ont un argument valable dans l\u2019int\u00e9r\u00eat v\u00e9ritable des patients ou clients. Dans certains milieux, laisser les infirmi\u00e8res ou infirmiers ex\u00e9cuter l\u2019insertion de cath\u00e9ter art\u00e9riel permet d\u2019augmenter l\u2019acc\u00e8s \u00e0 cette intervention. Dans d\u2019autres situations, r\u00e9server cette intervention uniquement aux th\u00e9rapeutes respiratoires permet d\u2019assurer que seuls les praticiens les plus exerc\u00e9s et comp\u00e9tents l\u2019ex\u00e9cutent. Le r\u00e9sultat est en fait moins important que les raisons de la demande ou du refus. La pr\u00e9occupation principale doit toujours \u00eatre d\u2019assurer des soins optimaux aux patients ou clients, plut\u00f4t qu\u2019une \u00ab protection de son territoire \u00bb.<\/p>\n<p>[\/et_pb_accordion_item][\/et_pb_accordion][\/et_pb_column][\/et_pb_row][\/et_pb_section][et_pb_section fb_built=\u00a0\u00bb1&Prime; inner_shadow=\u00a0\u00bbon\u00a0\u00bb module_id=\u00a0\u00bbfootnote\u00a0\u00bb _builder_version=\u00a0\u00bb3.22&Prime; use_background_color_gradient=\u00a0\u00bbon\u00a0\u00bb background_color_gradient_start=\u00a0\u00bb#ffffff\u00a0\u00bb background_color_gradient_end=\u00a0\u00bb#ededed\u00a0\u00bb background_color_gradient_type=\u00a0\u00bbradial\u00a0\u00bb background_color_gradient_start_position=\u00a0\u00bb53%\u00a0\u00bb custom_padding=\u00a0\u00bb20px||20px|\u00a0\u00bb][et_pb_row column_structure=\u00a0\u00bb1_2,1_4,1_4&Prime; _builder_version=\u00a0\u00bb3.25&Prime;][et_pb_column type=\u00a0\u00bb1_2&Prime; _builder_version=\u00a0\u00bb3.25&Prime; custom_padding=\u00a0\u00bb|||\u00a0\u00bb custom_padding__hover=\u00a0\u00bb|||\u00a0\u00bb][\/et_pb_column][et_pb_column type=\u00a0\u00bb1_4&Prime; _builder_version=\u00a0\u00bb3.25&Prime; custom_padding=\u00a0\u00bb|||\u00a0\u00bb custom_padding__hover=\u00a0\u00bb|||\u00a0\u00bb][et_pb_button button_url=\u00a0\u00bb\/fr\/evidence-based-and-reflective-practice\/\u00a0\u00bb button_text=\u00a0\u00bbPr\u00e9c\u00e9dent\u00a0\u00bb button_alignment=\u00a0\u00bbright\u00a0\u00bb admin_label=\u00a0\u00bbPrevious\u00a0\u00bb _builder_version=\u00a0\u00bb4.8.2&Prime; animation_style=\u00a0\u00bbfade\u00a0\u00bb button_text_size__hover_enabled=\u00a0\u00bboff\u00a0\u00bb button_one_text_size__hover_enabled=\u00a0\u00bboff\u00a0\u00bb button_two_text_size__hover_enabled=\u00a0\u00bboff\u00a0\u00bb button_text_color__hover_enabled=\u00a0\u00bboff\u00a0\u00bb button_one_text_color__hover_enabled=\u00a0\u00bboff\u00a0\u00bb button_two_text_color__hover_enabled=\u00a0\u00bboff\u00a0\u00bb button_border_width__hover_enabled=\u00a0\u00bboff\u00a0\u00bb button_one_border_width__hover_enabled=\u00a0\u00bboff\u00a0\u00bb button_two_border_width__hover_enabled=\u00a0\u00bboff\u00a0\u00bb button_border_color__hover_enabled=\u00a0\u00bboff\u00a0\u00bb button_one_border_color__hover_enabled=\u00a0\u00bboff\u00a0\u00bb button_two_border_color__hover_enabled=\u00a0\u00bboff\u00a0\u00bb button_border_radius__hover_enabled=\u00a0\u00bboff\u00a0\u00bb button_one_border_radius__hover_enabled=\u00a0\u00bboff\u00a0\u00bb button_two_border_radius__hover_enabled=\u00a0\u00bboff\u00a0\u00bb button_letter_spacing__hover_enabled=\u00a0\u00bboff\u00a0\u00bb button_one_letter_spacing__hover_enabled=\u00a0\u00bboff\u00a0\u00bb button_two_letter_spacing__hover_enabled=\u00a0\u00bboff\u00a0\u00bb button_bg_color__hover_enabled=\u00a0\u00bboff\u00a0\u00bb button_one_bg_color__hover_enabled=\u00a0\u00bboff\u00a0\u00bb button_two_bg_color__hover_enabled=\u00a0\u00bboff\u00a0\u00bb][\/et_pb_button][\/et_pb_column][et_pb_column type=\u00a0\u00bb1_4&Prime; _builder_version=\u00a0\u00bb3.25&Prime; custom_padding=\u00a0\u00bb|||\u00a0\u00bb custom_padding__hover=\u00a0\u00bb|||\u00a0\u00bb][et_pb_button button_url=\u00a0\u00bb\/fr\/maintaining-professional-boundaries\/\u00a0\u00bb button_text=\u00a0\u00bbSuivant\u00a0\u00bb button_alignment=\u00a0\u00bbleft\u00a0\u00bb admin_label=\u00a0\u00bbNext\u00a0\u00bb _builder_version=\u00a0\u00bb4.8.2&Prime; animation_style=\u00a0\u00bbfade\u00a0\u00bb button_text_size__hover_enabled=\u00a0\u00bboff\u00a0\u00bb button_one_text_size__hover_enabled=\u00a0\u00bboff\u00a0\u00bb button_two_text_size__hover_enabled=\u00a0\u00bboff\u00a0\u00bb button_text_color__hover_enabled=\u00a0\u00bboff\u00a0\u00bb button_one_text_color__hover_enabled=\u00a0\u00bboff\u00a0\u00bb button_two_text_color__hover_enabled=\u00a0\u00bboff\u00a0\u00bb button_border_width__hover_enabled=\u00a0\u00bboff\u00a0\u00bb button_one_border_width__hover_enabled=\u00a0\u00bboff\u00a0\u00bb button_two_border_width__hover_enabled=\u00a0\u00bboff\u00a0\u00bb button_border_color__hover_enabled=\u00a0\u00bboff\u00a0\u00bb button_one_border_color__hover_enabled=\u00a0\u00bboff\u00a0\u00bb button_two_border_color__hover_enabled=\u00a0\u00bboff\u00a0\u00bb button_border_radius__hover_enabled=\u00a0\u00bboff\u00a0\u00bb button_one_border_radius__hover_enabled=\u00a0\u00bboff\u00a0\u00bb button_two_border_radius__hover_enabled=\u00a0\u00bboff\u00a0\u00bb button_letter_spacing__hover_enabled=\u00a0\u00bboff\u00a0\u00bb button_one_letter_spacing__hover_enabled=\u00a0\u00bboff\u00a0\u00bb button_two_letter_spacing__hover_enabled=\u00a0\u00bboff\u00a0\u00bb button_bg_color__hover_enabled=\u00a0\u00bboff\u00a0\u00bb button_one_bg_color__hover_enabled=\u00a0\u00bboff\u00a0\u00bb button_two_bg_color__hover_enabled=\u00a0\u00bboff\u00a0\u00bb][\/et_pb_button][\/et_pb_column][\/et_pb_row][\/et_pb_section]<\/p>\n","protected":false},"excerpt":{"rendered":"<p>La collaboration interprofessionnelle La collaboration interprofessionnelle La collaboration interdisciplinaire d\u00e9signe l\u2019interaction positive entre deux ou plusieurs professionnels de la sant\u00e9 qui unissent leurs comp\u00e9tences et connaissances uniques afin d\u2019aider les patients ou clients et leur famille \u00e0 prendre des d\u00e9cisions sur la sant\u00e9. (ACIS, 2005) Il existe un grand nombre d\u2019\u00e9tudes confirmant les bienfaits de [&hellip;]<\/p>\n","protected":false},"author":4,"featured_media":0,"parent":0,"menu_order":0,"comment_status":"closed","ping_status":"closed","template":"","meta":{"_et_pb_use_builder":"on","_et_pb_old_content":"","_et_gb_content_width":"","footnotes":""},"class_list":["post-3137","page","type-page","status-publish","hentry"],"yoast_head":"<!-- This site is optimized with the Yoast SEO plugin v26.9 - https:\/\/yoast.com\/product\/yoast-seo-wordpress\/ -->\n<title>La collaboration interprofessionnelle - Commitment to Ethical Practice<\/title>\n<meta name=\"robots\" content=\"index, follow, max-snippet:-1, max-image-preview:large, max-video-preview:-1\" \/>\n<link rel=\"canonical\" href=\"https:\/\/ethics.crto.on.ca\/fr\/la-collaboration-interprofessionnelle\/\" \/>\n<meta property=\"og:locale\" content=\"fr_FR\" \/>\n<meta property=\"og:type\" content=\"article\" \/>\n<meta property=\"og:title\" content=\"La collaboration interprofessionnelle - Commitment to Ethical Practice\" \/>\n<meta property=\"og:description\" content=\"La collaboration interprofessionnelle La collaboration interprofessionnelle La collaboration interdisciplinaire d\u00e9signe l\u2019interaction positive entre deux ou plusieurs professionnels de la sant\u00e9 qui unissent leurs comp\u00e9tences et connaissances uniques afin d\u2019aider les patients ou clients et leur famille \u00e0 prendre des d\u00e9cisions sur la sant\u00e9. (ACIS, 2005) Il existe un grand nombre d\u2019\u00e9tudes confirmant les bienfaits de [&hellip;]\" \/>\n<meta property=\"og:url\" content=\"https:\/\/ethics.crto.on.ca\/fr\/la-collaboration-interprofessionnelle\/\" \/>\n<meta property=\"og:site_name\" content=\"Commitment to Ethical Practice\" \/>\n<meta property=\"article:modified_time\" content=\"2021-06-01T00:27:12+00:00\" \/>\n<meta name=\"twitter:card\" content=\"summary_large_image\" \/>\n<meta name=\"twitter:label1\" content=\"Est. reading time\" \/>\n\t<meta name=\"twitter:data1\" content=\"3 minutes\" \/>\n<script type=\"application\/ld+json\" class=\"yoast-schema-graph\">{\"@context\":\"https:\/\/schema.org\",\"@graph\":[{\"@type\":\"WebPage\",\"@id\":\"https:\/\/ethics.crto.on.ca\/fr\/la-collaboration-interprofessionnelle\/\",\"url\":\"https:\/\/ethics.crto.on.ca\/fr\/la-collaboration-interprofessionnelle\/\",\"name\":\"La collaboration interprofessionnelle - Commitment to Ethical Practice\",\"isPartOf\":{\"@id\":\"https:\/\/ethics.crto.on.ca\/#website\"},\"datePublished\":\"2021-06-01T00:16:09+00:00\",\"dateModified\":\"2021-06-01T00:27:12+00:00\",\"breadcrumb\":{\"@id\":\"https:\/\/ethics.crto.on.ca\/fr\/la-collaboration-interprofessionnelle\/#breadcrumb\"},\"inLanguage\":\"fr-FR\",\"potentialAction\":[{\"@type\":\"ReadAction\",\"target\":[\"https:\/\/ethics.crto.on.ca\/fr\/la-collaboration-interprofessionnelle\/\"]}]},{\"@type\":\"BreadcrumbList\",\"@id\":\"https:\/\/ethics.crto.on.ca\/fr\/la-collaboration-interprofessionnelle\/#breadcrumb\",\"itemListElement\":[{\"@type\":\"ListItem\",\"position\":1,\"name\":\"Home\",\"item\":\"https:\/\/ethics.crto.on.ca\/fr\/\"},{\"@type\":\"ListItem\",\"position\":2,\"name\":\"La collaboration interprofessionnelle\"}]},{\"@type\":\"WebSite\",\"@id\":\"https:\/\/ethics.crto.on.ca\/#website\",\"url\":\"https:\/\/ethics.crto.on.ca\/\",\"name\":\"Commitment to Ethical Practice\",\"description\":\"CRTO MicroSite for A Commitment to Ethical Practice\",\"potentialAction\":[{\"@type\":\"SearchAction\",\"target\":{\"@type\":\"EntryPoint\",\"urlTemplate\":\"https:\/\/ethics.crto.on.ca\/?s={search_term_string}\"},\"query-input\":{\"@type\":\"PropertyValueSpecification\",\"valueRequired\":true,\"valueName\":\"search_term_string\"}}],\"inLanguage\":\"fr-FR\"}]}<\/script>\n<!-- \/ Yoast SEO plugin. -->","yoast_head_json":{"title":"La collaboration interprofessionnelle - Commitment to Ethical Practice","robots":{"index":"index","follow":"follow","max-snippet":"max-snippet:-1","max-image-preview":"max-image-preview:large","max-video-preview":"max-video-preview:-1"},"canonical":"https:\/\/ethics.crto.on.ca\/fr\/la-collaboration-interprofessionnelle\/","og_locale":"fr_FR","og_type":"article","og_title":"La collaboration interprofessionnelle - Commitment to Ethical Practice","og_description":"La collaboration interprofessionnelle La collaboration interprofessionnelle La collaboration interdisciplinaire d\u00e9signe l\u2019interaction positive entre deux ou plusieurs professionnels de la sant\u00e9 qui unissent leurs comp\u00e9tences et connaissances uniques afin d\u2019aider les patients ou clients et leur famille \u00e0 prendre des d\u00e9cisions sur la sant\u00e9. (ACIS, 2005) Il existe un grand nombre d\u2019\u00e9tudes confirmant les bienfaits de [&hellip;]","og_url":"https:\/\/ethics.crto.on.ca\/fr\/la-collaboration-interprofessionnelle\/","og_site_name":"Commitment to Ethical Practice","article_modified_time":"2021-06-01T00:27:12+00:00","twitter_card":"summary_large_image","twitter_misc":{"Est. reading time":"3 minutes"},"schema":{"@context":"https:\/\/schema.org","@graph":[{"@type":"WebPage","@id":"https:\/\/ethics.crto.on.ca\/fr\/la-collaboration-interprofessionnelle\/","url":"https:\/\/ethics.crto.on.ca\/fr\/la-collaboration-interprofessionnelle\/","name":"La collaboration interprofessionnelle - Commitment to Ethical Practice","isPartOf":{"@id":"https:\/\/ethics.crto.on.ca\/#website"},"datePublished":"2021-06-01T00:16:09+00:00","dateModified":"2021-06-01T00:27:12+00:00","breadcrumb":{"@id":"https:\/\/ethics.crto.on.ca\/fr\/la-collaboration-interprofessionnelle\/#breadcrumb"},"inLanguage":"fr-FR","potentialAction":[{"@type":"ReadAction","target":["https:\/\/ethics.crto.on.ca\/fr\/la-collaboration-interprofessionnelle\/"]}]},{"@type":"BreadcrumbList","@id":"https:\/\/ethics.crto.on.ca\/fr\/la-collaboration-interprofessionnelle\/#breadcrumb","itemListElement":[{"@type":"ListItem","position":1,"name":"Home","item":"https:\/\/ethics.crto.on.ca\/fr\/"},{"@type":"ListItem","position":2,"name":"La collaboration interprofessionnelle"}]},{"@type":"WebSite","@id":"https:\/\/ethics.crto.on.ca\/#website","url":"https:\/\/ethics.crto.on.ca\/","name":"Commitment to Ethical Practice","description":"CRTO MicroSite for A Commitment to Ethical Practice","potentialAction":[{"@type":"SearchAction","target":{"@type":"EntryPoint","urlTemplate":"https:\/\/ethics.crto.on.ca\/?s={search_term_string}"},"query-input":{"@type":"PropertyValueSpecification","valueRequired":true,"valueName":"search_term_string"}}],"inLanguage":"fr-FR"}]}},"_links":{"self":[{"href":"https:\/\/ethics.crto.on.ca\/fr\/wp-json\/wp\/v2\/pages\/3137","targetHints":{"allow":["GET"]}}],"collection":[{"href":"https:\/\/ethics.crto.on.ca\/fr\/wp-json\/wp\/v2\/pages"}],"about":[{"href":"https:\/\/ethics.crto.on.ca\/fr\/wp-json\/wp\/v2\/types\/page"}],"author":[{"embeddable":true,"href":"https:\/\/ethics.crto.on.ca\/fr\/wp-json\/wp\/v2\/users\/4"}],"replies":[{"embeddable":true,"href":"https:\/\/ethics.crto.on.ca\/fr\/wp-json\/wp\/v2\/comments?post=3137"}],"version-history":[{"count":4,"href":"https:\/\/ethics.crto.on.ca\/fr\/wp-json\/wp\/v2\/pages\/3137\/revisions"}],"predecessor-version":[{"id":3144,"href":"https:\/\/ethics.crto.on.ca\/fr\/wp-json\/wp\/v2\/pages\/3137\/revisions\/3144"}],"wp:attachment":[{"href":"https:\/\/ethics.crto.on.ca\/fr\/wp-json\/wp\/v2\/media?parent=3137"}],"curies":[{"name":"wp","href":"https:\/\/api.w.org\/{rel}","templated":true}]}}