{"id":3159,"date":"2021-06-01T01:34:52","date_gmt":"2021-06-01T01:34:52","guid":{"rendered":"https:\/\/ethics.crto.on.ca\/?page_id=3159"},"modified":"2021-06-01T01:39:13","modified_gmt":"2021-06-01T01:39:13","slug":"medias-sociaux","status":"publish","type":"page","link":"https:\/\/ethics.crto.on.ca\/fr\/medias-sociaux\/","title":{"rendered":"M\u00e9dias sociaux"},"content":{"rendered":"<p>[et_pb_section fb_built=\u00a0\u00bb1&Prime; inner_shadow=\u00a0\u00bbon\u00a0\u00bb _builder_version=\u00a0\u00bb4.8.2&Prime; use_background_color_gradient=\u00a0\u00bbon\u00a0\u00bb background_color_gradient_start=\u00a0\u00bbrgba(255,255,255,0.55)\u00a0\u00bb background_color_gradient_end=\u00a0\u00bbrgba(255,255,255,0.8)\u00a0\u00bb background_color_gradient_direction=\u00a0\u00bb270deg\u00a0\u00bb background_color_gradient_start_position=\u00a0\u00bb40%\u00a0\u00bb background_color_gradient_overlays_image=\u00a0\u00bbon\u00a0\u00bb background_image=\u00a0\u00bbhttps:\/\/ethics.crto.on.ca\/wp-content\/uploads\/sites\/19\/2021\/05\/social-media-crto-ethics.jpg\u00a0\u00bb custom_padding=\u00a0\u00bb50px||50px|\u00a0\u00bb][et_pb_row column_structure=\u00a0\u00bb3_5,2_5&Prime; _builder_version=\u00a0\u00bb4.6.6&Prime; background_size=\u00a0\u00bbinitial\u00a0\u00bb background_position=\u00a0\u00bbtop_left\u00a0\u00bb background_repeat=\u00a0\u00bbrepeat\u00a0\u00bb custom_padding=\u00a0\u00bb90px||90px||true|\u00a0\u00bb][et_pb_column type=\u00a0\u00bb3_5&Prime; _builder_version=\u00a0\u00bb3.25&Prime; custom_padding=\u00a0\u00bb|||\u00a0\u00bb custom_padding__hover=\u00a0\u00bb|||\u00a0\u00bb][et_pb_text admin_label=\u00a0\u00bbSTANDARD TITLE\u00a0\u00bb _builder_version=\u00a0\u00bb4.8.2&Prime; text_font_size=\u00a0\u00bb18px\u00a0\u00bb text_line_height=\u00a0\u00bb1.6em\u00a0\u00bb header_font=\u00a0\u00bb|||on|||||\u00a0\u00bb module_alignment=\u00a0\u00bbleft\u00a0\u00bb custom_padding=\u00a0\u00bb||||false|false\u00a0\u00bb]<\/p>\n<h1><strong>M\u00e9dias sociaux<\/strong><\/h1>\n<p>[\/et_pb_text][\/et_pb_column][et_pb_column type=\u00a0\u00bb2_5&Prime; _builder_version=\u00a0\u00bb3.25&Prime; custom_padding=\u00a0\u00bb|||\u00a0\u00bb custom_padding__hover=\u00a0\u00bb|||\u00a0\u00bb][\/et_pb_column][\/et_pb_row][\/et_pb_section][et_pb_section fb_built=\u00a0\u00bb1&Prime; _builder_version=\u00a0\u00bb4.8.2&Prime; _module_preset=\u00a0\u00bbdefault\u00a0\u00bb background_image=\u00a0\u00bbhttps:\/\/ethics.crto.on.ca\/wp-content\/uploads\/sites\/19\/2021\/05\/crto-patternblue-tall.jpg\u00a0\u00bb background_position=\u00a0\u00bbbottom_left\u00a0\u00bb border_width_top=\u00a0\u00bb3px\u00a0\u00bb border_color_top=\u00a0\u00bb#019BD7&Prime; border_width_bottom=\u00a0\u00bb3px\u00a0\u00bb border_color_bottom=\u00a0\u00bb#019BD7&Prime;][et_pb_row column_structure=\u00a0\u00bb1_3,2_3&Prime; module_id=\u00a0\u00bbpenaltiesAbuse\u00a0\u00bb _builder_version=\u00a0\u00bb4.6.6&Prime; _module_preset=\u00a0\u00bbdefault\u00a0\u00bb][et_pb_column type=\u00a0\u00bb1_3&Prime; _builder_version=\u00a0\u00bb4.6.6&Prime; _module_preset=\u00a0\u00bbdefault\u00a0\u00bb][et_pb_text admin_label=\u00a0\u00bbPerformance\u00a0\u00bb _builder_version=\u00a0\u00bb4.8.2&Prime; header_font_size=\u00a0\u00bb45px\u00a0\u00bb custom_margin=\u00a0\u00bb||10px|\u00a0\u00bb]<\/p>\n<h2><strong>M\u00e9dias sociaux<\/strong><\/h2>\n<p>[\/et_pb_text][\/et_pb_column][et_pb_column type=\u00a0\u00bb2_3&Prime; _builder_version=\u00a0\u00bb4.6.6&Prime; _module_preset=\u00a0\u00bbdefault\u00a0\u00bb][et_pb_text admin_label=\u00a0\u00bbPerformance Expectations\u00a0\u00bb _builder_version=\u00a0\u00bb4.8.2&Prime; custom_padding=\u00a0\u00bb0px|||\u00a0\u00bb]<\/p>\n<p>Les m\u00e9dias sociaux peuvent avoir un effet positif sur la communaut\u00e9 des professionnels des soins de la sant\u00e9 facilitant la communication, la collaboration et la diss\u00e9mination des connaissances. Toutefois, il est important de se rappeler que certaines personnes peuvent interpr\u00e9ter le contenu comme inad\u00e9quat ou consid\u00e9rer que l\u2019utilisation de telles plates-formes manque de professionnalisme.<\/p>\n<p>De nombreux \u00e9tablissements se sont dot\u00e9s de politiques concernant l\u2019utilisation des m\u00e9dias sociaux qui refl\u00e8tent leurs attentes et leurs valeurs. Il est important, pour toute personne associ\u00e9e \u00e0 ces \u00e9tablissements, de respecter les lignes directrices lorsque ses gestes sont enregistr\u00e9s.<\/p>\n<p>Les th\u00e9rapeutes respiratoires ont l\u2019obligation morale et professionnelle de se comporter de fa\u00e7on \u00e0 maintenir et \u00e0 rehausser l\u2019image et la r\u00e9putation de leur profession aupr\u00e8s du public, de mani\u00e8re \u00e0 favoriser le maintien de la confiance. L\u2019OTRO souhaite rappeler aux th\u00e9rapeutes respiratoires qu\u2019ils sont tenus de se conformer aux attentes de la profession, notamment les attentes l\u00e9gislatives, et d\u2019utiliser leur jugement professionnel pour s&rsquo;assurer que leurs publications dans les m\u00e9dias sociaux correspondent aux normes d&rsquo;exercice de l\u2019OTRO et document sur l\u2019engagement envers un exercice moral.<\/p>\n<p><span style=\"font-weight: 400;\">Avant de faire une publication, tenez compte de ces valeurs :<\/span><\/p>\n<p>[\/et_pb_text][et_pb_blurb use_icon=\u00a0\u00bbon\u00a0\u00bb font_icon=\u00a0\u00bb%%24%%\u00a0\u00bb icon_color=\u00a0\u00bb#019BD7&Prime; icon_placement=\u00a0\u00bbleft\u00a0\u00bb _builder_version=\u00a0\u00bb4.8.2&Prime; custom_margin=\u00a0\u00bb||7px|||\u00a0\u00bb animation_style=\u00a0\u00bbzoom\u00a0\u00bb]<strong>Responsabilit\u00e9 et int\u00e9grit\u00e9 :<\/strong> Vos publications pourraient \u00eatre interpr\u00e9t\u00e9es comme le reflet direct de vous-m\u00eame, de votre \u00e9tablissement et de votre profession, et pourrait nuire \u00e0 notre r\u00e9putation. Votre vie personnelle et votre vie professionnelle sont interreli\u00e9es. Tenez compte de vos intentions et des cons\u00e9quences possibles.[\/et_pb_blurb][et_pb_blurb use_icon=\u00a0\u00bbon\u00a0\u00bb font_icon=\u00a0\u00bb%%24%%\u00a0\u00bb icon_color=\u00a0\u00bb#019BD7&Prime; icon_placement=\u00a0\u00bbleft\u00a0\u00bb _builder_version=\u00a0\u00bb4.8.2&Prime; custom_margin=\u00a0\u00bb||7px|||\u00a0\u00bb animation_style=\u00a0\u00bbzoom\u00a0\u00bb]<strong>Professionnalisme :<\/strong> \u00c0 titre de travailleur de la sant\u00e9 r\u00e9glement\u00e9, vos publications peuvent \u00eatre per\u00e7ues comme des conseils m\u00e9dicaux ou professionnels. Soupesez les risques et les bienfaits des renseignements que vous partagez. Vous devez toujours maintenir une image professionnelle sur vos comptes de m\u00e9dias sociaux. Ne pas le faire pourrait constituer un manquement professionnel. <a href=\"https:\/\/standards.crto.on.ca\/fr\/about-the-standards-2\/\" target=\"_blank\" rel=\"noopener noreferrer\">Au sujet des normes de pratique de l\u2019OTRO<\/a><br \/>\n[\/et_pb_blurb][et_pb_blurb use_icon=\u00a0\u00bbon\u00a0\u00bb font_icon=\u00a0\u00bb%%24%%\u00a0\u00bb icon_color=\u00a0\u00bb#019BD7&Prime; icon_placement=\u00a0\u00bbleft\u00a0\u00bb _builder_version=\u00a0\u00bb4.8.2&Prime; custom_margin=\u00a0\u00bb||7px|||\u00a0\u00bb animation_style=\u00a0\u00bbzoom\u00a0\u00bb]<\/p>\n<p><strong>Confidentialit\u00e9 et protection des renseignements personnels :<\/strong> Breaches are Les manquements sont souvent involontaires, par erreur. Les photos et le texte peuvent contenir des d\u00e9tails confidentiels permettant d\u2019identifier un patient, sa famille ou l\u2019\u00e9tablissement. Cela peut avoir des cons\u00e9quences graves, non seulement pour vous, mais pour l\u2019\u00e9tablissement tenu de respecter la l\u00e9gislation en mati\u00e8re de protection des renseignements personnels. Confidentialit\u00e9 : <a href=\"https:\/\/standards.crto.on.ca\/fr\/standard-11-2\/\" target=\"_blank\" rel=\"noopener\">Norme 11 | Normes de pratique de l\u2019OTRO<\/a><\/p>\n<p>[\/et_pb_blurb][et_pb_blurb use_icon=\u00a0\u00bbon\u00a0\u00bb font_icon=\u00a0\u00bb%%24%%\u00a0\u00bb icon_color=\u00a0\u00bb#019BD7&Prime; icon_placement=\u00a0\u00bbleft\u00a0\u00bb _builder_version=\u00a0\u00bb4.8.2&Prime; custom_margin=\u00a0\u00bb||6px|||\u00a0\u00bb animation_style=\u00a0\u00bbzoom\u00a0\u00bb]<strong>Limites avec les patients ou clients :<\/strong> \u00c9vitez les relations doubles avec les patients et les familles.[\/et_pb_blurb][et_pb_blurb use_icon=\u00a0\u00bbon\u00a0\u00bb font_icon=\u00a0\u00bb%%24%%\u00a0\u00bb icon_color=\u00a0\u00bb#019BD7&Prime; icon_placement=\u00a0\u00bbleft\u00a0\u00bb _builder_version=\u00a0\u00bb4.8.2&Prime; custom_margin=\u00a0\u00bb||6px|||\u00a0\u00bb custom_padding=\u00a0\u00bb||12px|||\u00a0\u00bb animation_style=\u00a0\u00bbzoom\u00a0\u00bb]<strong>Communiquez avec respect!<\/strong> Votre profil en ligne devrait refl\u00e9ter votre r\u00f4le comme professionnel.[\/et_pb_blurb][et_pb_text admin_label=\u00a0\u00bbPerformance Expectations\u00a0\u00bb _builder_version=\u00a0\u00bb4.8.2&Prime; custom_margin=\u00a0\u00bb||12px|||\u00a0\u00bb custom_padding=\u00a0\u00bb0px|||\u00a0\u00bb]<span style=\"text-decoration: underline;\">Pour obtenir de plus amples renseignements sur l\u2019effet des m\u00e9dias sociaux sur l&rsquo;exercice<br \/>\nde la th\u00e9rapie respiratoire, consultez les documents suivants :<\/span><\/p>\n<p><b>Normes de pratique de l\u2019OTRO<\/b><br \/>\n[\/et_pb_text][et_pb_blurb use_icon=\u00a0\u00bbon\u00a0\u00bb font_icon=\u00a0\u00bb%%24%%\u00a0\u00bb icon_color=\u00a0\u00bb#019BD7&Prime; icon_placement=\u00a0\u00bbleft\u00a0\u00bb _builder_version=\u00a0\u00bb4.8.2&Prime; custom_margin=\u00a0\u00bb||6px|||\u00a0\u00bb custom_padding=\u00a0\u00bb||12px|||\u00a0\u00bb animation_style=\u00a0\u00bbzoom\u00a0\u00bb]<strong>Norme 3.6 :<\/strong> \u00c9vitez de faire des d\u00e9clarations fausses, trompeuses ou offensives, contraires \u00e0 l\u2019int\u00e9r\u00eat public ou \u00e0 l\u2019honneur et \u00e0 la dignit\u00e9 de la profession, verbalement ou par \u00e9crit;<br \/>\n[\/et_pb_blurb][et_pb_blurb use_icon=\u00a0\u00bbon\u00a0\u00bb font_icon=\u00a0\u00bb%%24%%\u00a0\u00bb icon_color=\u00a0\u00bb#019BD7&Prime; icon_placement=\u00a0\u00bbleft\u00a0\u00bb _builder_version=\u00a0\u00bb4.8.2&Prime; custom_margin=\u00a0\u00bb||6px|||\u00a0\u00bb custom_padding=\u00a0\u00bb||12px|||\u00a0\u00bb animation_style=\u00a0\u00bbzoom\u00a0\u00bb]<strong>Norme 8.6 :<\/strong> Abstenez-vous de faire des d\u00e9clarations sur un rem\u00e8de, un traitement, un dispositif ou une intervention pour lesquels il n\u2019y a pas de faits scientifiques accept\u00e9s ou de base empirique;<br \/>\n[\/et_pb_blurb][et_pb_blurb use_icon=\u00a0\u00bbon\u00a0\u00bb font_icon=\u00a0\u00bb%%24%%\u00a0\u00bb icon_color=\u00a0\u00bb#019BD7&Prime; icon_placement=\u00a0\u00bbleft\u00a0\u00bb _builder_version=\u00a0\u00bb4.8.2&Prime; custom_margin=\u00a0\u00bb||6px|||\u00a0\u00bb custom_padding=\u00a0\u00bb||12px|||\u00a0\u00bb animation_style=\u00a0\u00bbzoom\u00a0\u00bb]<strong>Norme 12.7 :<\/strong> Communiquez par voie \u00e9lectronique et dans les m\u00e9dias sociaux de fa\u00e7on \u00e0 respecter les relations professionnelles et th\u00e9rapeutiques;<br \/>\n[\/et_pb_blurb][et_pb_blurb use_icon=\u00a0\u00bbon\u00a0\u00bb font_icon=\u00a0\u00bb%%24%%\u00a0\u00bb icon_color=\u00a0\u00bb#019BD7&Prime; icon_placement=\u00a0\u00bbleft\u00a0\u00bb _builder_version=\u00a0\u00bb4.8.2&Prime; custom_margin=\u00a0\u00bb||6px|||\u00a0\u00bb custom_padding=\u00a0\u00bb||12px|||\u00a0\u00bb animation_style=\u00a0\u00bbzoom\u00a0\u00bb]<strong>Norme 13.26 :<\/strong> Comportez-vous de mani\u00e8re professionnelle afin de pr\u00e9senter une image positive de la th\u00e9rapie respiratoire \u00e0 la communaut\u00e9.<br \/>\n[\/et_pb_blurb][et_pb_text admin_label=\u00a0\u00bbPerformance Expectations\u00a0\u00bb _builder_version=\u00a0\u00bb4.8.2&Prime; text_text_color=\u00a0\u00bb#FFFFFF\u00a0\u00bb background_color=\u00a0\u00bb#019BD7&Prime; custom_padding=\u00a0\u00bb25px|25px|25px|25px|true|true\u00a0\u00bb locked=\u00a0\u00bboff\u00a0\u00bb]<\/p>\n<p>On constate qu\u2019un th\u00e9rapeute respiratoire a partag\u00e9 des conseils de traitement non traditionnels et non prouv\u00e9s pour la COVID-19, pr\u00e9sentant des herbes comme \u00ab rem\u00e8de possible \u00bb. S\u2019il s&rsquo;agit de son opinion et que c&rsquo;est publi\u00e9 sur sa page personnelle, est-ce que c&rsquo;est pr\u00e9occupant?<\/p>\n<p>[\/et_pb_text][et_pb_accordion open_toggle_text_color=\u00a0\u00bb#019BD7&Prime; _builder_version=\u00a0\u00bb4.8.2&Prime; _module_preset=\u00a0\u00bbdefault\u00a0\u00bb toggle_font=\u00a0\u00bb|600|||||||\u00a0\u00bb module_alignment=\u00a0\u00bbcenter\u00a0\u00bb locked=\u00a0\u00bboff\u00a0\u00bb][et_pb_accordion_item open=\u00a0\u00bbon\u00a0\u00bb _builder_version=\u00a0\u00bb4.8.2&Prime; _module_preset=\u00a0\u00bbdefault\u00a0\u00bb toggle_level=\u00a0\u00bbh3&Prime; toggle_font=\u00a0\u00bb|600|||||||\u00a0\u00bb]<\/p>\n<p>Bien que chacun ait droit \u00e0 ses propres philosophies et croyances, \u00e0 titre de professionnel de la sant\u00e9, il y a une obligation morale et professionnelle de faire preuve de sensibilit\u00e9 et de conscience par rapport \u00e0 son public. Un th\u00e9rapeute respiratoire est toujours tenu de maintenir une norme personnelle et professionnelle sup\u00e9rieure. Les renseignements que vous publiez, m\u00eame s\u2019ils appartiennent \u00e0 d&rsquo;autres, doivent \u00eatre valides et justes. Si les renseignements qu\u2019ils publient sont consid\u00e9r\u00e9es comme venant \u00e0 l\u2019encontre des lignes directrices en mati\u00e8re de sant\u00e9 publique et qu\u2019ils ne s\u2019y conforment pas, vous contrevenez aux normes de l\u2019OTRO (<a href=\"https:\/\/standards.crto.on.ca\/fr\/standard-8-2\/\" target=\"_blank\" rel=\"noopener\">norme 8 | Pratique fond\u00e9e sur les preuves<\/a>).<\/p>\n<p>[\/et_pb_accordion_item][\/et_pb_accordion][\/et_pb_column][\/et_pb_row][\/et_pb_section][et_pb_section fb_built=\u00a0\u00bb1&Prime; inner_shadow=\u00a0\u00bbon\u00a0\u00bb module_id=\u00a0\u00bbfootnote\u00a0\u00bb _builder_version=\u00a0\u00bb3.22&Prime; use_background_color_gradient=\u00a0\u00bbon\u00a0\u00bb background_color_gradient_start=\u00a0\u00bb#ffffff\u00a0\u00bb background_color_gradient_end=\u00a0\u00bb#ededed\u00a0\u00bb background_color_gradient_type=\u00a0\u00bbradial\u00a0\u00bb background_color_gradient_start_position=\u00a0\u00bb53%\u00a0\u00bb custom_padding=\u00a0\u00bb20px||20px|\u00a0\u00bb][et_pb_row column_structure=\u00a0\u00bb1_2,1_4,1_4&Prime; _builder_version=\u00a0\u00bb3.25&Prime;][et_pb_column type=\u00a0\u00bb1_2&Prime; _builder_version=\u00a0\u00bb3.25&Prime; custom_padding=\u00a0\u00bb|||\u00a0\u00bb custom_padding__hover=\u00a0\u00bb|||\u00a0\u00bb][\/et_pb_column][et_pb_column type=\u00a0\u00bb1_4&Prime; _builder_version=\u00a0\u00bb3.25&Prime; custom_padding=\u00a0\u00bb|||\u00a0\u00bb custom_padding__hover=\u00a0\u00bb|||\u00a0\u00bb][et_pb_button button_url=\u00a0\u00bb\/fr\/transfer-of-accountability-toa\/\u00a0\u00bb button_text=\u00a0\u00bbPr\u00e9c\u00e9dent\u00a0\u00bb button_alignment=\u00a0\u00bbright\u00a0\u00bb admin_label=\u00a0\u00bbPrevious\u00a0\u00bb _builder_version=\u00a0\u00bb4.8.2&Prime; animation_style=\u00a0\u00bbfade\u00a0\u00bb button_text_size__hover_enabled=\u00a0\u00bboff\u00a0\u00bb button_one_text_size__hover_enabled=\u00a0\u00bboff\u00a0\u00bb button_two_text_size__hover_enabled=\u00a0\u00bboff\u00a0\u00bb button_text_color__hover_enabled=\u00a0\u00bboff\u00a0\u00bb button_one_text_color__hover_enabled=\u00a0\u00bboff\u00a0\u00bb button_two_text_color__hover_enabled=\u00a0\u00bboff\u00a0\u00bb button_border_width__hover_enabled=\u00a0\u00bboff\u00a0\u00bb button_one_border_width__hover_enabled=\u00a0\u00bboff\u00a0\u00bb button_two_border_width__hover_enabled=\u00a0\u00bboff\u00a0\u00bb button_border_color__hover_enabled=\u00a0\u00bboff\u00a0\u00bb button_one_border_color__hover_enabled=\u00a0\u00bboff\u00a0\u00bb button_two_border_color__hover_enabled=\u00a0\u00bboff\u00a0\u00bb button_border_radius__hover_enabled=\u00a0\u00bboff\u00a0\u00bb button_one_border_radius__hover_enabled=\u00a0\u00bboff\u00a0\u00bb button_two_border_radius__hover_enabled=\u00a0\u00bboff\u00a0\u00bb button_letter_spacing__hover_enabled=\u00a0\u00bboff\u00a0\u00bb button_one_letter_spacing__hover_enabled=\u00a0\u00bboff\u00a0\u00bb button_two_letter_spacing__hover_enabled=\u00a0\u00bboff\u00a0\u00bb button_bg_color__hover_enabled=\u00a0\u00bboff\u00a0\u00bb button_one_bg_color__hover_enabled=\u00a0\u00bboff\u00a0\u00bb button_two_bg_color__hover_enabled=\u00a0\u00bboff\u00a0\u00bb][\/et_pb_button][\/et_pb_column][et_pb_column type=\u00a0\u00bb1_4&Prime; _builder_version=\u00a0\u00bb3.25&Prime; custom_padding=\u00a0\u00bb|||\u00a0\u00bb custom_padding__hover=\u00a0\u00bb|||\u00a0\u00bb][et_pb_button button_url=\u00a0\u00bb\/fr\/steps-to-ethical-decision-making\/\u00a0\u00bb button_text=\u00a0\u00bbSuivant\u00a0\u00bb button_alignment=\u00a0\u00bbleft\u00a0\u00bb admin_label=\u00a0\u00bbNext\u00a0\u00bb _builder_version=\u00a0\u00bb4.8.2&Prime; animation_style=\u00a0\u00bbfade\u00a0\u00bb button_text_size__hover_enabled=\u00a0\u00bboff\u00a0\u00bb button_one_text_size__hover_enabled=\u00a0\u00bboff\u00a0\u00bb button_two_text_size__hover_enabled=\u00a0\u00bboff\u00a0\u00bb button_text_color__hover_enabled=\u00a0\u00bboff\u00a0\u00bb button_one_text_color__hover_enabled=\u00a0\u00bboff\u00a0\u00bb button_two_text_color__hover_enabled=\u00a0\u00bboff\u00a0\u00bb button_border_width__hover_enabled=\u00a0\u00bboff\u00a0\u00bb button_one_border_width__hover_enabled=\u00a0\u00bboff\u00a0\u00bb button_two_border_width__hover_enabled=\u00a0\u00bboff\u00a0\u00bb button_border_color__hover_enabled=\u00a0\u00bboff\u00a0\u00bb button_one_border_color__hover_enabled=\u00a0\u00bboff\u00a0\u00bb button_two_border_color__hover_enabled=\u00a0\u00bboff\u00a0\u00bb button_border_radius__hover_enabled=\u00a0\u00bboff\u00a0\u00bb button_one_border_radius__hover_enabled=\u00a0\u00bboff\u00a0\u00bb button_two_border_radius__hover_enabled=\u00a0\u00bboff\u00a0\u00bb button_letter_spacing__hover_enabled=\u00a0\u00bboff\u00a0\u00bb button_one_letter_spacing__hover_enabled=\u00a0\u00bboff\u00a0\u00bb button_two_letter_spacing__hover_enabled=\u00a0\u00bboff\u00a0\u00bb button_bg_color__hover_enabled=\u00a0\u00bboff\u00a0\u00bb button_one_bg_color__hover_enabled=\u00a0\u00bboff\u00a0\u00bb button_two_bg_color__hover_enabled=\u00a0\u00bboff\u00a0\u00bb][\/et_pb_button][\/et_pb_column][\/et_pb_row][\/et_pb_section]<\/p>\n","protected":false},"excerpt":{"rendered":"<p>M\u00e9dias sociaux M\u00e9dias sociaux Les m\u00e9dias sociaux peuvent avoir un effet positif sur la communaut\u00e9 des professionnels des soins de la sant\u00e9 facilitant la communication, la collaboration et la diss\u00e9mination des connaissances. Toutefois, il est important de se rappeler que certaines personnes peuvent interpr\u00e9ter le contenu comme inad\u00e9quat ou consid\u00e9rer que l\u2019utilisation de telles plates-formes [&hellip;]<\/p>\n","protected":false},"author":4,"featured_media":0,"parent":0,"menu_order":0,"comment_status":"closed","ping_status":"closed","template":"","meta":{"_et_pb_use_builder":"on","_et_pb_old_content":"","_et_gb_content_width":"","footnotes":""},"class_list":["post-3159","page","type-page","status-publish","hentry"],"yoast_head":"<!-- This site is optimized with the Yoast SEO plugin v26.9 - https:\/\/yoast.com\/product\/yoast-seo-wordpress\/ -->\n<title>M\u00e9dias sociaux - Commitment to Ethical Practice<\/title>\n<meta name=\"robots\" content=\"index, follow, max-snippet:-1, max-image-preview:large, max-video-preview:-1\" \/>\n<link rel=\"canonical\" href=\"https:\/\/ethics.crto.on.ca\/fr\/medias-sociaux\/\" \/>\n<meta property=\"og:locale\" content=\"fr_FR\" \/>\n<meta property=\"og:type\" content=\"article\" \/>\n<meta property=\"og:title\" content=\"M\u00e9dias sociaux - Commitment to Ethical Practice\" \/>\n<meta property=\"og:description\" content=\"M\u00e9dias sociaux M\u00e9dias sociaux Les m\u00e9dias sociaux peuvent avoir un effet positif sur la communaut\u00e9 des professionnels des soins de la sant\u00e9 facilitant la communication, la collaboration et la diss\u00e9mination des connaissances. Toutefois, il est important de se rappeler que certaines personnes peuvent interpr\u00e9ter le contenu comme inad\u00e9quat ou consid\u00e9rer que l\u2019utilisation de telles plates-formes [&hellip;]\" \/>\n<meta property=\"og:url\" content=\"https:\/\/ethics.crto.on.ca\/fr\/medias-sociaux\/\" \/>\n<meta property=\"og:site_name\" content=\"Commitment to Ethical Practice\" \/>\n<meta property=\"article:modified_time\" content=\"2021-06-01T01:39:13+00:00\" \/>\n<meta name=\"twitter:card\" content=\"summary_large_image\" \/>\n<meta name=\"twitter:label1\" content=\"Est. reading time\" \/>\n\t<meta name=\"twitter:data1\" content=\"5 minutes\" \/>\n<script type=\"application\/ld+json\" class=\"yoast-schema-graph\">{\"@context\":\"https:\/\/schema.org\",\"@graph\":[{\"@type\":\"WebPage\",\"@id\":\"https:\/\/ethics.crto.on.ca\/fr\/medias-sociaux\/\",\"url\":\"https:\/\/ethics.crto.on.ca\/fr\/medias-sociaux\/\",\"name\":\"M\u00e9dias sociaux - Commitment to Ethical Practice\",\"isPartOf\":{\"@id\":\"https:\/\/ethics.crto.on.ca\/#website\"},\"datePublished\":\"2021-06-01T01:34:52+00:00\",\"dateModified\":\"2021-06-01T01:39:13+00:00\",\"breadcrumb\":{\"@id\":\"https:\/\/ethics.crto.on.ca\/fr\/medias-sociaux\/#breadcrumb\"},\"inLanguage\":\"fr-FR\",\"potentialAction\":[{\"@type\":\"ReadAction\",\"target\":[\"https:\/\/ethics.crto.on.ca\/fr\/medias-sociaux\/\"]}]},{\"@type\":\"BreadcrumbList\",\"@id\":\"https:\/\/ethics.crto.on.ca\/fr\/medias-sociaux\/#breadcrumb\",\"itemListElement\":[{\"@type\":\"ListItem\",\"position\":1,\"name\":\"Home\",\"item\":\"https:\/\/ethics.crto.on.ca\/fr\/\"},{\"@type\":\"ListItem\",\"position\":2,\"name\":\"M\u00e9dias sociaux\"}]},{\"@type\":\"WebSite\",\"@id\":\"https:\/\/ethics.crto.on.ca\/#website\",\"url\":\"https:\/\/ethics.crto.on.ca\/\",\"name\":\"Commitment to Ethical Practice\",\"description\":\"CRTO MicroSite for A Commitment to Ethical Practice\",\"potentialAction\":[{\"@type\":\"SearchAction\",\"target\":{\"@type\":\"EntryPoint\",\"urlTemplate\":\"https:\/\/ethics.crto.on.ca\/?s={search_term_string}\"},\"query-input\":{\"@type\":\"PropertyValueSpecification\",\"valueRequired\":true,\"valueName\":\"search_term_string\"}}],\"inLanguage\":\"fr-FR\"}]}<\/script>\n<!-- \/ Yoast SEO plugin. -->","yoast_head_json":{"title":"M\u00e9dias sociaux - Commitment to Ethical Practice","robots":{"index":"index","follow":"follow","max-snippet":"max-snippet:-1","max-image-preview":"max-image-preview:large","max-video-preview":"max-video-preview:-1"},"canonical":"https:\/\/ethics.crto.on.ca\/fr\/medias-sociaux\/","og_locale":"fr_FR","og_type":"article","og_title":"M\u00e9dias sociaux - Commitment to Ethical Practice","og_description":"M\u00e9dias sociaux M\u00e9dias sociaux Les m\u00e9dias sociaux peuvent avoir un effet positif sur la communaut\u00e9 des professionnels des soins de la sant\u00e9 facilitant la communication, la collaboration et la diss\u00e9mination des connaissances. Toutefois, il est important de se rappeler que certaines personnes peuvent interpr\u00e9ter le contenu comme inad\u00e9quat ou consid\u00e9rer que l\u2019utilisation de telles plates-formes [&hellip;]","og_url":"https:\/\/ethics.crto.on.ca\/fr\/medias-sociaux\/","og_site_name":"Commitment to Ethical Practice","article_modified_time":"2021-06-01T01:39:13+00:00","twitter_card":"summary_large_image","twitter_misc":{"Est. reading time":"5 minutes"},"schema":{"@context":"https:\/\/schema.org","@graph":[{"@type":"WebPage","@id":"https:\/\/ethics.crto.on.ca\/fr\/medias-sociaux\/","url":"https:\/\/ethics.crto.on.ca\/fr\/medias-sociaux\/","name":"M\u00e9dias sociaux - Commitment to Ethical Practice","isPartOf":{"@id":"https:\/\/ethics.crto.on.ca\/#website"},"datePublished":"2021-06-01T01:34:52+00:00","dateModified":"2021-06-01T01:39:13+00:00","breadcrumb":{"@id":"https:\/\/ethics.crto.on.ca\/fr\/medias-sociaux\/#breadcrumb"},"inLanguage":"fr-FR","potentialAction":[{"@type":"ReadAction","target":["https:\/\/ethics.crto.on.ca\/fr\/medias-sociaux\/"]}]},{"@type":"BreadcrumbList","@id":"https:\/\/ethics.crto.on.ca\/fr\/medias-sociaux\/#breadcrumb","itemListElement":[{"@type":"ListItem","position":1,"name":"Home","item":"https:\/\/ethics.crto.on.ca\/fr\/"},{"@type":"ListItem","position":2,"name":"M\u00e9dias sociaux"}]},{"@type":"WebSite","@id":"https:\/\/ethics.crto.on.ca\/#website","url":"https:\/\/ethics.crto.on.ca\/","name":"Commitment to Ethical Practice","description":"CRTO MicroSite for A Commitment to Ethical Practice","potentialAction":[{"@type":"SearchAction","target":{"@type":"EntryPoint","urlTemplate":"https:\/\/ethics.crto.on.ca\/?s={search_term_string}"},"query-input":{"@type":"PropertyValueSpecification","valueRequired":true,"valueName":"search_term_string"}}],"inLanguage":"fr-FR"}]}},"_links":{"self":[{"href":"https:\/\/ethics.crto.on.ca\/fr\/wp-json\/wp\/v2\/pages\/3159","targetHints":{"allow":["GET"]}}],"collection":[{"href":"https:\/\/ethics.crto.on.ca\/fr\/wp-json\/wp\/v2\/pages"}],"about":[{"href":"https:\/\/ethics.crto.on.ca\/fr\/wp-json\/wp\/v2\/types\/page"}],"author":[{"embeddable":true,"href":"https:\/\/ethics.crto.on.ca\/fr\/wp-json\/wp\/v2\/users\/4"}],"replies":[{"embeddable":true,"href":"https:\/\/ethics.crto.on.ca\/fr\/wp-json\/wp\/v2\/comments?post=3159"}],"version-history":[{"count":3,"href":"https:\/\/ethics.crto.on.ca\/fr\/wp-json\/wp\/v2\/pages\/3159\/revisions"}],"predecessor-version":[{"id":3171,"href":"https:\/\/ethics.crto.on.ca\/fr\/wp-json\/wp\/v2\/pages\/3159\/revisions\/3171"}],"wp:attachment":[{"href":"https:\/\/ethics.crto.on.ca\/fr\/wp-json\/wp\/v2\/media?parent=3159"}],"curies":[{"name":"wp","href":"https:\/\/api.w.org\/{rel}","templated":true}]}}